{"id":4606,"date":"2025-10-04T10:03:54","date_gmt":"2025-10-04T10:03:54","guid":{"rendered":"https:\/\/homix-ks.com\/?post_type=product&#038;p=4606"},"modified":"2026-04-01T07:07:56","modified_gmt":"2026-04-01T07:07:56","slug":"aparat-kafeje-marado-ma-1689","status":"publish","type":"product","link":"https:\/\/homix-ks.com\/en\/product\/aparat-kafeje-marado-ma-1689\/","title":{"rendered":"Aparat Kafeje &#8211; MARADO MA-1689"},"content":{"rendered":"<p>Specifikat:<\/p>\n<p><strong>Fuqia:<\/strong> 220V, 50-60Hz, 600W + 600W<br \/>\n<strong>Kapaciteti:<\/strong> 1-4 filxhan\u00eb (70-280ml) + 1-4 filxhan\u00eb (70-280ml)<br \/>\n<strong>Funksionet:<\/strong> Sensor kunder derdhjes, sistem sigurie, sinjal z\u00ebri p\u00ebr p\u00ebrfundimin e p\u00ebrgaditjes.<\/p>\n<p>&nbsp;<\/p>","protected":false},"excerpt":{"rendered":"<p>Aparat kafeje MARADO &#8211; kafe perfekte \u00e7do her\u00eb! Kapacitet p\u00ebr 1-4 filxhan\u00eb, me sensor kund\u00ebr derdhjes dhe sistem sigurie p\u00ebr p\u00ebrdorim t\u00eb thjesht\u00eb dhe t\u00eb sigurt\u00eb.<br \/>\nShijoni arom\u00ebn e fresk\u00ebt t\u00eb kafes\u00eb n\u00eb sekonda.<\/p>","protected":false},"featured_media":6862,"comment_status":"open","ping_status":"closed","template":"","meta":{"_eb_attr":"","content-type":""},"etheme_brands":[],"product_brand":[79],"product_cat":[73],"product_tag":[],"class_list":{"0":"post-4606","1":"product","2":"type-product","3":"status-publish","4":"has-post-thumbnail","6":"product_brand-marado","7":"product_cat-pajisje-kuzhine","9":"first","10":"outofstock","11":"sale","12":"shipping-taxable","13":"purchasable","14":"product-type-simple"},"_links":{"self":[{"href":"https:\/\/homix-ks.com\/en\/wp-json\/wp\/v2\/product\/4606","targetHints":{"allow":["GET"]}}],"collection":[{"href":"https:\/\/homix-ks.com\/en\/wp-json\/wp\/v2\/product"}],"about":[{"href":"https:\/\/homix-ks.com\/en\/wp-json\/wp\/v2\/types\/product"}],"replies":[{"embeddable":true,"href":"https:\/\/homix-ks.com\/en\/wp-json\/wp\/v2\/comments?post=4606"}],"version-history":[{"count":4,"href":"https:\/\/homix-ks.com\/en\/wp-json\/wp\/v2\/product\/4606\/revisions"}],"predecessor-version":[{"id":4796,"href":"https:\/\/homix-ks.com\/en\/wp-json\/wp\/v2\/product\/4606\/revisions\/4796"}],"wp:featuredmedia":[{"embeddable":true,"href":"https:\/\/homix-ks.com\/en\/wp-json\/wp\/v2\/media\/6862"}],"wp:attachment":[{"href":"https:\/\/homix-ks.com\/en\/wp-json\/wp\/v2\/media?parent=4606"}],"wp:term":[{"taxonomy":"brand","embeddable":true,"href":"https:\/\/homix-ks.com\/en\/wp-json\/wp\/v2\/etheme_brands?post=4606"},{"taxonomy":"product_brand","embeddable":true,"href":"https:\/\/homix-ks.com\/en\/wp-json\/wp\/v2\/product_brand?post=4606"},{"taxonomy":"product_cat","embeddable":true,"href":"https:\/\/homix-ks.com\/en\/wp-json\/wp\/v2\/product_cat?post=4606"},{"taxonomy":"product_tag","embeddable":true,"href":"https:\/\/homix-ks.com\/en\/wp-json\/wp\/v2\/product_tag?post=4606"}],"curies":[{"name":"wp","href":"https:\/\/api.w.org\/{rel}","templated":true}]}}