{"id":4594,"date":"2025-10-03T14:09:45","date_gmt":"2025-10-03T14:09:45","guid":{"rendered":"https:\/\/homix-ks.com\/?post_type=product&#038;p=4594"},"modified":"2025-11-13T18:51:56","modified_gmt":"2025-11-13T18:51:56","slug":"hoffmans-hm-753-furre-elektrike","status":"publish","type":"product","link":"https:\/\/homix-ks.com\/en\/product\/hoffmans-hm-753-furre-elektrike\/","title":{"rendered":"Minifurr\u00eb me Pllaka Ngrohjeje &#8211; HOFFMANS HM-753"},"content":{"rendered":"<p>Specifikat<\/p>\n<p><strong>Kapaciteti:\u00a0<\/strong>55l<br \/>\n<strong>Pllakat ngroh\u00ebse:\u00a0<\/strong>2 (nj\u00eb e vog\u00ebl + nj\u00eb e madhe)<br \/>\n<strong>Fuqia totale:\u00a0<\/strong> 2000W + 1600W<br \/>\n<strong>Kontrolli<\/strong><strong>:<\/strong><br \/>\n4 \u00e7el\u00ebsa manual\u00eb glavanizuar<br \/>\nTimer metalik deri n\u00eb 60 minuta<br \/>\nKontroll temperature<\/p>\n<p><strong>Temperatura:\u00a0<\/strong>100 &#8211; 250 grade<br \/>\n<strong>Pjekje, skuqje, grill.<br \/>\nKlasa e en\u00ebrgjis\u00eb:<\/strong> A<\/p>\n<p>&nbsp;<\/p>","protected":false},"excerpt":{"rendered":"<p>Furra elektrike Hoffmans HM-753 \u00ebsht\u00eb nj\u00eb paisje multifunksionale q\u00eb\u00a0 kombinon furr\u00ebn me 55l kapacitet dhe 2 pllaka ngroh\u00ebse n\u00eb pjes\u00ebn e sip\u00ebrme. Ajo \u00ebsht\u00eb ideale p\u00ebr pjekje, skuqje dhe gatim t\u00eb shpejt\u00eb e efikas. Me kontroll manual t\u00eb temperatur\u00ebs deri n\u00eb 250 grad\u00eb, timer 60-minut\u00ebsh dhe aksesor praktik, kjo furr\u00eb ofron leht\u00ebsi dhe fleksibilitet p\u00ebr \u00e7do kuzhin\u00eb.<\/p>","protected":false},"featured_media":5289,"comment_status":"open","ping_status":"closed","template":"","meta":{"_eb_attr":"","content-type":""},"etheme_brands":[],"product_brand":[75],"product_cat":[73],"product_tag":[],"class_list":{"0":"post-4594","1":"product","2":"type-product","3":"status-publish","4":"has-post-thumbnail","6":"product_brand-hoffmans","7":"product_cat-pajisje-kuzhine","9":"first","10":"instock","11":"sale","12":"shipping-taxable","13":"purchasable","14":"product-type-simple"},"_links":{"self":[{"href":"https:\/\/homix-ks.com\/en\/wp-json\/wp\/v2\/product\/4594","targetHints":{"allow":["GET"]}}],"collection":[{"href":"https:\/\/homix-ks.com\/en\/wp-json\/wp\/v2\/product"}],"about":[{"href":"https:\/\/homix-ks.com\/en\/wp-json\/wp\/v2\/types\/product"}],"replies":[{"embeddable":true,"href":"https:\/\/homix-ks.com\/en\/wp-json\/wp\/v2\/comments?post=4594"}],"version-history":[{"count":2,"href":"https:\/\/homix-ks.com\/en\/wp-json\/wp\/v2\/product\/4594\/revisions"}],"predecessor-version":[{"id":4636,"href":"https:\/\/homix-ks.com\/en\/wp-json\/wp\/v2\/product\/4594\/revisions\/4636"}],"wp:featuredmedia":[{"embeddable":true,"href":"https:\/\/homix-ks.com\/en\/wp-json\/wp\/v2\/media\/5289"}],"wp:attachment":[{"href":"https:\/\/homix-ks.com\/en\/wp-json\/wp\/v2\/media?parent=4594"}],"wp:term":[{"taxonomy":"brand","embeddable":true,"href":"https:\/\/homix-ks.com\/en\/wp-json\/wp\/v2\/etheme_brands?post=4594"},{"taxonomy":"product_brand","embeddable":true,"href":"https:\/\/homix-ks.com\/en\/wp-json\/wp\/v2\/product_brand?post=4594"},{"taxonomy":"product_cat","embeddable":true,"href":"https:\/\/homix-ks.com\/en\/wp-json\/wp\/v2\/product_cat?post=4594"},{"taxonomy":"product_tag","embeddable":true,"href":"https:\/\/homix-ks.com\/en\/wp-json\/wp\/v2\/product_tag?post=4594"}],"curies":[{"name":"wp","href":"https:\/\/api.w.org\/{rel}","templated":true}]}}