{"id":4575,"date":"2025-10-03T12:42:44","date_gmt":"2025-10-03T12:42:44","guid":{"rendered":"https:\/\/homix-ks.com\/?post_type=product&#038;p=4575"},"modified":"2026-04-16T14:10:53","modified_gmt":"2026-04-16T14:10:53","slug":"dessini-ds-865-friteze-me-ajer-digjitale-1500w-5-2l","status":"publish","type":"product","link":"https:\/\/homix-ks.com\/en\/product\/dessini-ds-865-friteze-me-ajer-digjitale-1500w-5-2l\/","title":{"rendered":"Friteze me Aj\u00ebr digjitale 1500W 5.2L \u2013 Dessini DS-865"},"content":{"rendered":"<h3 data-start=\"485\" data-end=\"510\">Specifikat:<\/h3>\n<ul data-start=\"511\" data-end=\"1260\">\n<li data-start=\"511\" data-end=\"534\">\n<p data-start=\"513\" data-end=\"534\"><strong data-start=\"513\" data-end=\"524\">Modeli:<\/strong> DS-865<\/p>\n<\/li>\n<li data-start=\"535\" data-end=\"555\">\n<p data-start=\"537\" data-end=\"555\"><strong data-start=\"537\" data-end=\"547\">Fuqia:<\/strong> 1500W<\/p>\n<\/li>\n<li data-start=\"556\" data-end=\"580\">\n<p data-start=\"558\" data-end=\"580\"><strong data-start=\"558\" data-end=\"573\">Kapaciteti:<\/strong> 5.2L<\/p>\n<\/li>\n<li data-start=\"629\" data-end=\"999\">\n<p data-start=\"631\" data-end=\"647\"><strong data-start=\"631\" data-end=\"645\">Funksione:<\/strong><\/p>\n<ul data-start=\"650\" data-end=\"999\">\n<li data-start=\"650\" data-end=\"684\">\n<p data-start=\"652\" data-end=\"684\">Ngrohje 360\u00b0 me aj\u00ebr t\u00eb nxeht\u00eb<\/p>\n<\/li>\n<li data-start=\"687\" data-end=\"726\">\n<p data-start=\"689\" data-end=\"726\">Ngrohje uniforme dhe element efikas<\/p>\n<\/li>\n<li data-start=\"729\" data-end=\"765\">\n<p data-start=\"731\" data-end=\"765\">Ngrohje paraprake vet\u00ebm 5 minuta<\/p>\n<\/li>\n<li data-start=\"768\" data-end=\"826\">\n<p data-start=\"770\" data-end=\"826\">Mbulim energjie efikas p\u00ebr kursim t\u00eb energjise elektrike<\/p>\n<\/li>\n<li data-start=\"829\" data-end=\"861\">\n<p data-start=\"831\" data-end=\"861\">Kontroll me sensor touch LED<\/p>\n<\/li>\n<li data-start=\"864\" data-end=\"901\">\n<p data-start=\"866\" data-end=\"901\">Timer automatik deri n\u00eb 60 minuta<\/p>\n<\/li>\n<li data-start=\"904\" data-end=\"946\">\n<p data-start=\"906\" data-end=\"946\">Kontroll temperature: <strong data-start=\"928\" data-end=\"944\">80\u00b0C \u2013 200\u00b0C<\/strong><\/p>\n<\/li>\n<li data-start=\"949\" data-end=\"999\">\n<p data-start=\"951\" data-end=\"999\">Funksione gatimi: pjekje, skuqje, grill, toast<\/p>\n<\/li>\n<\/ul>\n<\/li>\n<li data-start=\"1000\" data-end=\"1098\">\n<p data-start=\"1002\" data-end=\"1098\"><strong data-start=\"1002\" data-end=\"1027\">Sistemi i ventilimit:<\/strong> ventilator i montuar lart p\u00ebr shp\u00ebrndarje t\u00eb barabart\u00eb t\u00eb nxeht\u00ebsis\u00eb<\/p>\n<\/li>\n<li data-start=\"1099\" data-end=\"1171\">\n<p data-start=\"1101\" data-end=\"1171\"><b>Fikje Automatike<\/b><\/p>\n<\/li>\n<li data-start=\"1099\" data-end=\"1171\">Mbrojtje nga mbinxehtesia.<\/li>\n<\/ul>","protected":false},"excerpt":{"rendered":"<p><strong data-start=\"28\" data-end=\"46\">Dessini DS-865<\/strong> \u00ebsht\u00eb fritez\u00eb me aj\u00ebr digjitale me fuqi <strong data-start=\"87\" data-end=\"96\">1500W<\/strong> dhe kapacitet <strong data-start=\"111\" data-end=\"119\" data-is-only-node=\"\">5.2L<\/strong>, ideale p\u00ebr p\u00ebrgatitjen e ushqimeve t\u00eb sh\u00ebndetshme pa vaj shtes\u00eb. Me ngrohje 360\u00b0 me aj\u00ebr t\u00eb nxeht\u00eb, siguron gatim uniform dhe t\u00eb shpejt\u00eb, nd\u00ebrsa paneli LED me prekje ofron kontroll t\u00eb leht\u00eb p\u00ebr temperatur\u00eb (80\u00b0C \u2013 200\u00b0C) dhe timer automatik deri n\u00eb 60 minuta. Pajisja vjen me funksione t\u00eb ndryshme gatimi si pjekje, skuqje, grill dhe toast, si dhe siguri maksimale me fikje automatike dhe mbrojtje nga mbinxeht\u00ebsia.<\/p>","protected":false},"featured_media":5292,"comment_status":"open","ping_status":"closed","template":"","meta":{"_eb_attr":"","content-type":""},"etheme_brands":[],"product_brand":[78],"product_cat":[92,73],"product_tag":[],"class_list":{"0":"post-4575","1":"product","2":"type-product","3":"status-publish","4":"has-post-thumbnail","6":"product_brand-dessini","7":"product_cat-hapja-e-madhe","8":"product_cat-pajisje-kuzhine","10":"first","11":"instock","12":"sale","13":"shipping-taxable","14":"purchasable","15":"product-type-simple"},"_links":{"self":[{"href":"https:\/\/homix-ks.com\/en\/wp-json\/wp\/v2\/product\/4575","targetHints":{"allow":["GET"]}}],"collection":[{"href":"https:\/\/homix-ks.com\/en\/wp-json\/wp\/v2\/product"}],"about":[{"href":"https:\/\/homix-ks.com\/en\/wp-json\/wp\/v2\/types\/product"}],"replies":[{"embeddable":true,"href":"https:\/\/homix-ks.com\/en\/wp-json\/wp\/v2\/comments?post=4575"}],"version-history":[{"count":4,"href":"https:\/\/homix-ks.com\/en\/wp-json\/wp\/v2\/product\/4575\/revisions"}],"predecessor-version":[{"id":4637,"href":"https:\/\/homix-ks.com\/en\/wp-json\/wp\/v2\/product\/4575\/revisions\/4637"}],"wp:featuredmedia":[{"embeddable":true,"href":"https:\/\/homix-ks.com\/en\/wp-json\/wp\/v2\/media\/5292"}],"wp:attachment":[{"href":"https:\/\/homix-ks.com\/en\/wp-json\/wp\/v2\/media?parent=4575"}],"wp:term":[{"taxonomy":"brand","embeddable":true,"href":"https:\/\/homix-ks.com\/en\/wp-json\/wp\/v2\/etheme_brands?post=4575"},{"taxonomy":"product_brand","embeddable":true,"href":"https:\/\/homix-ks.com\/en\/wp-json\/wp\/v2\/product_brand?post=4575"},{"taxonomy":"product_cat","embeddable":true,"href":"https:\/\/homix-ks.com\/en\/wp-json\/wp\/v2\/product_cat?post=4575"},{"taxonomy":"product_tag","embeddable":true,"href":"https:\/\/homix-ks.com\/en\/wp-json\/wp\/v2\/product_tag?post=4575"}],"curies":[{"name":"wp","href":"https:\/\/api.w.org\/{rel}","templated":true}]}}