{"id":4567,"date":"2025-10-03T12:22:39","date_gmt":"2025-10-03T12:22:39","guid":{"rendered":"https:\/\/homix-ks.com\/?post_type=product&#038;p=4567"},"modified":"2026-04-16T14:19:55","modified_gmt":"2026-04-16T14:19:55","slug":"dessini-ds-336-hekur-me-avull","status":"publish","type":"product","link":"https:\/\/homix-ks.com\/en\/product\/dessini-ds-336-hekur-me-avull\/","title":{"rendered":"Hekur me Avull &#8211; DESSINI DS-336"},"content":{"rendered":"<p data-start=\"596\" data-end=\"643\">Specifikat:<\/p>\n<ul data-start=\"645\" data-end=\"1068\">\n<li data-start=\"645\" data-end=\"667\">\n<p data-start=\"647\" data-end=\"667\"><strong data-start=\"647\" data-end=\"658\">Modeli:<\/strong> DS\u2011336<\/p>\n<\/li>\n<li data-start=\"668\" data-end=\"689\">\n<p data-start=\"670\" data-end=\"689\"><strong data-start=\"670\" data-end=\"680\">Fuqia:<\/strong> 2400\u202fW<\/p>\n<\/li>\n<li data-start=\"690\" data-end=\"721\">\n<p data-start=\"692\" data-end=\"721\"><strong data-start=\"692\" data-end=\"705\">Tensioni:<\/strong> AC220-240 &#8211; 50-60 Hz 2400w<\/p>\n<\/li>\n<li data-start=\"722\" data-end=\"745\">\n<p data-start=\"724\" data-end=\"745\"><strong data-start=\"724\" data-end=\"734\">Taban:<\/strong> Qeramik\u00eb<\/p>\n<\/li>\n<li data-start=\"746\" data-end=\"798\">\n<p data-start=\"748\" data-end=\"798\"><strong data-start=\"748\" data-end=\"759\">Ngjyra:<\/strong> Blu ose lejla (d\u00ebrgim i rast\u00ebsish\u00ebm)<\/p>\n<\/li>\n<li data-start=\"799\" data-end=\"835\">\n<p data-start=\"801\" data-end=\"835\"><strong data-start=\"801\" data-end=\"830\">Funksion avulli vertikal:<\/strong> Po<\/p>\n<\/li>\n<li data-start=\"836\" data-end=\"878\">\n<p data-start=\"838\" data-end=\"878\"><strong data-start=\"838\" data-end=\"873\">P\u00ebrshp\u00ebrthim i fuqish\u00ebm avulli:<\/strong> Po<\/p>\n<\/li>\n<li data-start=\"879\" data-end=\"925\">\n<p data-start=\"881\" data-end=\"925\"><strong data-start=\"881\" data-end=\"920\">Kontroll i rregulluesh\u00ebm i avullit:<\/strong> Po<\/p>\n<\/li>\n<li data-start=\"926\" data-end=\"975\">\n<p data-start=\"928\" data-end=\"975\"><strong data-start=\"928\" data-end=\"970\">Funksion vet\u00ebpastrimi (Self-cleaning):<\/strong> Po<\/p>\n<\/li>\n<\/ul>","protected":false},"excerpt":{"rendered":"<p><strong data-start=\"28\" data-end=\"46\">Dessini DS-336<\/strong> \u00ebsht\u00eb hekur modern me avull me fuqi t\u00eb lart\u00eb <strong data-start=\"92\" data-end=\"101\">2400W<\/strong>, i pajisur me taban qeramik q\u00eb siguron l\u00ebvizje t\u00eb leht\u00eb dhe rr\u00ebshqitje pa mundim mbi rroba. Ofron funksion avulli vertikal, shp\u00ebrthim t\u00eb fuqish\u00ebm avulli dhe kontroll t\u00eb rregulluesh\u00ebm p\u00ebr hekurosje efikase n\u00eb \u00e7do lloj p\u00eblhure. P\u00ebr m\u00eb shum\u00eb leht\u00ebsi, \u00ebsht\u00eb i pajisur me funksion <strong data-start=\"378\" data-end=\"410\" data-is-only-node=\"\">vet\u00ebpastrimi (self-cleaning)<\/strong> q\u00eb ndihmon n\u00eb mir\u00ebmbajtje dhe jet\u00ebgjat\u00ebsi t\u00eb produktit. Disponohet n\u00eb ngjyr\u00eb blu ose lejla (d\u00ebrgim i rast\u00ebsish\u00ebm).<\/p>","protected":false},"featured_media":5202,"comment_status":"open","ping_status":"closed","template":"","meta":{"_eb_attr":"","content-type":""},"etheme_brands":[],"product_brand":[78],"product_cat":[72],"product_tag":[],"class_list":{"0":"post-4567","1":"product","2":"type-product","3":"status-publish","4":"has-post-thumbnail","6":"product_brand-dessini","7":"product_cat-pajisje-per-shtepi","9":"first","10":"instock","11":"sale","12":"shipping-taxable","13":"purchasable","14":"product-type-simple"},"_links":{"self":[{"href":"https:\/\/homix-ks.com\/en\/wp-json\/wp\/v2\/product\/4567","targetHints":{"allow":["GET"]}}],"collection":[{"href":"https:\/\/homix-ks.com\/en\/wp-json\/wp\/v2\/product"}],"about":[{"href":"https:\/\/homix-ks.com\/en\/wp-json\/wp\/v2\/types\/product"}],"replies":[{"embeddable":true,"href":"https:\/\/homix-ks.com\/en\/wp-json\/wp\/v2\/comments?post=4567"}],"version-history":[{"count":3,"href":"https:\/\/homix-ks.com\/en\/wp-json\/wp\/v2\/product\/4567\/revisions"}],"predecessor-version":[{"id":4573,"href":"https:\/\/homix-ks.com\/en\/wp-json\/wp\/v2\/product\/4567\/revisions\/4573"}],"wp:featuredmedia":[{"embeddable":true,"href":"https:\/\/homix-ks.com\/en\/wp-json\/wp\/v2\/media\/5202"}],"wp:attachment":[{"href":"https:\/\/homix-ks.com\/en\/wp-json\/wp\/v2\/media?parent=4567"}],"wp:term":[{"taxonomy":"brand","embeddable":true,"href":"https:\/\/homix-ks.com\/en\/wp-json\/wp\/v2\/etheme_brands?post=4567"},{"taxonomy":"product_brand","embeddable":true,"href":"https:\/\/homix-ks.com\/en\/wp-json\/wp\/v2\/product_brand?post=4567"},{"taxonomy":"product_cat","embeddable":true,"href":"https:\/\/homix-ks.com\/en\/wp-json\/wp\/v2\/product_cat?post=4567"},{"taxonomy":"product_tag","embeddable":true,"href":"https:\/\/homix-ks.com\/en\/wp-json\/wp\/v2\/product_tag?post=4567"}],"curies":[{"name":"wp","href":"https:\/\/api.w.org\/{rel}","templated":true}]}}