{"id":4561,"date":"2025-10-03T10:15:41","date_gmt":"2025-10-03T10:15:41","guid":{"rendered":"https:\/\/homix-ks.com\/?post_type=product&#038;p=4561"},"modified":"2025-11-22T15:20:33","modified_gmt":"2025-11-22T15:20:33","slug":"dessini-ds-861d-friteze-me-ajer-digjitale-1400w-5-5l","status":"publish","type":"product","link":"https:\/\/homix-ks.com\/en\/product\/dessini-ds-861d-friteze-me-ajer-digjitale-1400w-5-5l\/","title":{"rendered":"Friteze me Aj\u00ebr digjitale 1400W 5.5L &#8211; Dessini DS-861D"},"content":{"rendered":"<h3 data-start=\"485\" data-end=\"510\">Specifikat:<\/h3>\n<ul data-start=\"511\" data-end=\"1260\">\n<li data-start=\"511\" data-end=\"534\">\n<p data-start=\"513\" data-end=\"534\"><strong data-start=\"513\" data-end=\"524\">Modeli:<\/strong> DS-861D<\/p>\n<\/li>\n<li data-start=\"535\" data-end=\"555\">\n<p data-start=\"537\" data-end=\"555\"><strong data-start=\"537\" data-end=\"547\">Fuqia:<\/strong> 1400W<\/p>\n<\/li>\n<li data-start=\"535\" data-end=\"555\"><strong>Tensioni:\u00a0<\/strong>220-240V, 50\/60Hz<\/li>\n<li data-start=\"556\" data-end=\"580\">\n<p data-start=\"558\" data-end=\"580\"><strong data-start=\"558\" data-end=\"573\">Kapaciteti:<\/strong> 5.5L<\/p>\n<\/li>\n<li data-start=\"581\" data-end=\"628\">\n<p data-start=\"583\" data-end=\"628\"><strong data-start=\"583\" data-end=\"596\">Programe:<\/strong> 8 programe t\u00eb parap\u00ebrcaktuara<\/p>\n<\/li>\n<li data-start=\"629\" data-end=\"999\">\n<p data-start=\"631\" data-end=\"647\"><strong data-start=\"631\" data-end=\"645\">Funksione:<\/strong><\/p>\n<ul data-start=\"650\" data-end=\"999\">\n<li data-start=\"650\" data-end=\"684\">\n<p data-start=\"652\" data-end=\"684\">Ngrohje 360\u00b0 me aj\u00ebr t\u00eb nxeht\u00eb<\/p>\n<\/li>\n<li data-start=\"687\" data-end=\"726\">\n<p data-start=\"689\" data-end=\"726\">Ngrohje uniforme dhe element efikas<\/p>\n<\/li>\n<li data-start=\"729\" data-end=\"765\">\n<p data-start=\"731\" data-end=\"765\">Ngrohje paraprake vet\u00ebm 5 minuta<\/p>\n<\/li>\n<li data-start=\"768\" data-end=\"826\">\n<p data-start=\"770\" data-end=\"826\">Mbulim energjie efikas p\u00ebr kursim t\u00eb fatur\u00ebs elektrike<\/p>\n<\/li>\n<li data-start=\"829\" data-end=\"861\">\n<p data-start=\"831\" data-end=\"861\">Kontroll me sensor touch LED<\/p>\n<\/li>\n<li data-start=\"864\" data-end=\"901\">\n<p data-start=\"866\" data-end=\"901\">Timer automatik deri n\u00eb 60 minuta<\/p>\n<\/li>\n<li data-start=\"904\" data-end=\"946\">\n<p data-start=\"906\" data-end=\"946\">Kontroll temperature: <strong data-start=\"928\" data-end=\"944\">80\u00b0C \u2013 200\u00b0C<\/strong><\/p>\n<\/li>\n<li data-start=\"949\" data-end=\"999\">\n<p data-start=\"951\" data-end=\"999\">Funksione gatimi: pjekje, skuqje, grill, toast<\/p>\n<\/li>\n<\/ul>\n<\/li>\n<li data-start=\"1000\" data-end=\"1098\">\n<p data-start=\"1002\" data-end=\"1098\"><strong data-start=\"1002\" data-end=\"1027\">Sistemi i ventilimit:<\/strong> ventilator i montuar lart p\u00ebr shp\u00ebrndarje t\u00eb barabart\u00eb t\u00eb nxeht\u00ebsis\u00eb<\/p>\n<\/li>\n<li data-start=\"1099\" data-end=\"1171\">\n<p data-start=\"1101\" data-end=\"1171\"><strong data-start=\"1101\" data-end=\"1112\">Dizajn:<\/strong> Rezervuar i brendsh\u00ebm jo-ngjit\u00ebs, i leht\u00eb p\u00ebr t\u2019u pastruar<\/p>\n<\/li>\n<li data-start=\"1172\" data-end=\"1260\">\n<p data-start=\"1174\" data-end=\"1260\"><strong data-start=\"1174\" data-end=\"1185\">Sistem:<\/strong> shp\u00ebrndarje e fort\u00eb e nxeht\u00ebsis\u00eb p\u00ebr mbrojtje t\u00eb motorit dhe jet\u00ebgjat\u00ebsi<\/p>\n<\/li>\n<\/ul>","protected":false},"excerpt":{"rendered":"<p>Dessini DS-861D \u00ebsht\u00eb nj\u00eb fritez\u00eb me aj\u00ebr t\u00eb nxeht\u00eb me kapacitet 5.5 litra dhe fuqi 1400W, e krijuar p\u00ebr t\u00eb p\u00ebrgatitur ushqime t\u00eb sh\u00ebndetshme pa p\u00ebrdorur shum\u00eb vaj. Pajisja vjen me 8 programe t\u00eb parap\u00ebrcaktuara, panel kontrolli LED me prekje dhe nj\u00eb sistem ngrohjeje 360\u00b0 q\u00eb siguron gatim t\u00eb shpejt\u00eb, uniform dhe efikas. Ideale p\u00ebr pjekje, skuqje, ngrohje apo shkrirje t\u00eb ushqimit.<\/p>","protected":false},"featured_media":5264,"comment_status":"open","ping_status":"closed","template":"","meta":{"_eb_attr":"","content-type":""},"etheme_brands":[],"product_brand":[78],"product_cat":[92,73],"product_tag":[],"class_list":{"0":"post-4561","1":"product","2":"type-product","3":"status-publish","4":"has-post-thumbnail","6":"product_brand-dessini","7":"product_cat-hapja-e-madhe","8":"product_cat-pajisje-kuzhine","10":"first","11":"instock","12":"sale","13":"shipping-taxable","14":"purchasable","15":"product-type-simple"},"_links":{"self":[{"href":"https:\/\/homix-ks.com\/en\/wp-json\/wp\/v2\/product\/4561","targetHints":{"allow":["GET"]}}],"collection":[{"href":"https:\/\/homix-ks.com\/en\/wp-json\/wp\/v2\/product"}],"about":[{"href":"https:\/\/homix-ks.com\/en\/wp-json\/wp\/v2\/types\/product"}],"replies":[{"embeddable":true,"href":"https:\/\/homix-ks.com\/en\/wp-json\/wp\/v2\/comments?post=4561"}],"version-history":[{"count":3,"href":"https:\/\/homix-ks.com\/en\/wp-json\/wp\/v2\/product\/4561\/revisions"}],"predecessor-version":[{"id":4736,"href":"https:\/\/homix-ks.com\/en\/wp-json\/wp\/v2\/product\/4561\/revisions\/4736"}],"wp:featuredmedia":[{"embeddable":true,"href":"https:\/\/homix-ks.com\/en\/wp-json\/wp\/v2\/media\/5264"}],"wp:attachment":[{"href":"https:\/\/homix-ks.com\/en\/wp-json\/wp\/v2\/media?parent=4561"}],"wp:term":[{"taxonomy":"brand","embeddable":true,"href":"https:\/\/homix-ks.com\/en\/wp-json\/wp\/v2\/etheme_brands?post=4561"},{"taxonomy":"product_brand","embeddable":true,"href":"https:\/\/homix-ks.com\/en\/wp-json\/wp\/v2\/product_brand?post=4561"},{"taxonomy":"product_cat","embeddable":true,"href":"https:\/\/homix-ks.com\/en\/wp-json\/wp\/v2\/product_cat?post=4561"},{"taxonomy":"product_tag","embeddable":true,"href":"https:\/\/homix-ks.com\/en\/wp-json\/wp\/v2\/product_tag?post=4561"}],"curies":[{"name":"wp","href":"https:\/\/api.w.org\/{rel}","templated":true}]}}