{"id":4526,"date":"2025-10-01T12:41:10","date_gmt":"2025-10-01T12:41:10","guid":{"rendered":"https:\/\/homix-ks.com\/?post_type=product&#038;p=4526"},"modified":"2026-03-02T09:07:55","modified_gmt":"2026-03-02T09:07:55","slug":"dessini-ds955g-grirese-ushqimi-elektrike","status":"publish","type":"product","link":"https:\/\/homix-ks.com\/en\/product\/dessini-ds955g-grirese-ushqimi-elektrike\/","title":{"rendered":"Grir\u00ebse Mishi elektrike &#8211; Dessini DS-955G"},"content":{"rendered":"<p data-start=\"719\" data-end=\"748\">Specifikat:<\/p>\n<ul data-start=\"750\" data-end=\"1363\">\n<li data-start=\"774\" data-end=\"796\">\n<p data-start=\"776\" data-end=\"796\"><strong data-start=\"776\" data-end=\"787\">Modeli:<\/strong> DS-955G<\/p>\n<\/li>\n<li data-start=\"797\" data-end=\"832\">\n<p data-start=\"799\" data-end=\"832\"><strong data-start=\"799\" data-end=\"814\">Kapaciteti:<\/strong> &gt;2 litra<\/p>\n<\/li>\n<li data-start=\"833\" data-end=\"862\">\n<p data-start=\"835\" data-end=\"862\"><strong data-start=\"835\" data-end=\"845\">Fuqia:<\/strong> 5500W<\/p>\n<\/li>\n<li data-start=\"926\" data-end=\"977\">\n<p data-start=\"928\" data-end=\"977\"><strong data-start=\"928\" data-end=\"951\">Lloji i kontrollit:<\/strong> Me butona (Push button)<\/p>\n<\/li>\n<li data-start=\"978\" data-end=\"1034\">\n<p data-start=\"980\" data-end=\"1034\"><strong data-start=\"980\" data-end=\"1003\">Materiali i teh\u00ebve:<\/strong> \u00c7elik inox (stainless steel)<\/p>\n<\/li>\n<li data-start=\"1035\" data-end=\"1060\">\n<p data-start=\"1037\" data-end=\"1060\"><strong data-start=\"1037\" data-end=\"1056\">Numri i teh\u00ebve:<\/strong> 4<\/p>\n<\/li>\n<li data-start=\"1061\" data-end=\"1091\">\n<p data-start=\"1063\" data-end=\"1091\"><strong data-start=\"1063\" data-end=\"1084\">Materiali i en\u00ebs:<\/strong> Qelq<\/p>\n<\/li>\n<li data-start=\"1092\" data-end=\"1140\">\n<p data-start=\"1094\" data-end=\"1140\"><strong data-start=\"1094\" data-end=\"1127\">Materiali i krahut p\u00ebrzier\u00ebs:<\/strong> \u00c7elik inox<\/p>\n<\/li>\n<li data-start=\"1182\" data-end=\"1216\">\n<p data-start=\"1184\" data-end=\"1216\"><strong data-start=\"1184\" data-end=\"1194\">Stili:<\/strong> N\u00eb k\u00ebmb\u00eb (Standing)<\/p>\n<\/li>\n<li data-start=\"1289\" data-end=\"1363\">\n<p data-start=\"1291\" data-end=\"1363\"><strong data-start=\"1291\" data-end=\"1305\">Funksioni:<\/strong> Multifunksional (p\u00ebr grirje mishi dhe ushqimesh t\u00eb tjera)<\/p>\n<\/li>\n<\/ul>","protected":false},"excerpt":{"rendered":"<p><strong data-start=\"209\" data-end=\"227\">Dessini DS955G<\/strong> \u00ebsht\u00eb nj\u00eb grir\u00ebse elektrike multifunksionale me kapacitet t\u00eb madh dhe nd\u00ebrtim cil\u00ebsor. Me 4 teh\u00eb t\u00eb mpreht\u00eb prej \u00e7eliku inox dhe nj\u00eb en\u00eb qelqi 2 litra, kjo pajisje \u00ebsht\u00eb ideale p\u00ebr grirjen e mishit, perimeve, frutave apo p\u00ebrb\u00ebr\u00ebsve t\u00eb tjer\u00eb t\u00eb kuzhin\u00ebs. Konstruksioni i saj i q\u00ebndruesh\u00ebm, motori me fuqi n\u00ebn 750W dhe komandimi me butona e b\u00ebjn\u00eb t\u00eb leht\u00eb p\u00ebr t\u2019u p\u00ebrdorur n\u00eb \u00e7do kuzhin\u00eb. P\u00ebrshtatet me tensionin 220V dhe \u00ebsht\u00eb e nd\u00ebrtuar p\u00ebr t\u00eb ofruar rezultate t\u00eb shpejta dhe efikase.<\/p>","protected":false},"featured_media":4527,"comment_status":"open","ping_status":"closed","template":"","meta":{"_eb_attr":"","content-type":""},"etheme_brands":[],"product_brand":[78],"product_cat":[92,73],"product_tag":[],"class_list":{"0":"post-4526","1":"product","2":"type-product","3":"status-publish","4":"has-post-thumbnail","6":"product_brand-dessini","7":"product_cat-hapja-e-madhe","8":"product_cat-pajisje-kuzhine","10":"first","11":"outofstock","12":"sale","13":"shipping-taxable","14":"purchasable","15":"product-type-simple"},"_links":{"self":[{"href":"https:\/\/homix-ks.com\/en\/wp-json\/wp\/v2\/product\/4526","targetHints":{"allow":["GET"]}}],"collection":[{"href":"https:\/\/homix-ks.com\/en\/wp-json\/wp\/v2\/product"}],"about":[{"href":"https:\/\/homix-ks.com\/en\/wp-json\/wp\/v2\/types\/product"}],"replies":[{"embeddable":true,"href":"https:\/\/homix-ks.com\/en\/wp-json\/wp\/v2\/comments?post=4526"}],"version-history":[{"count":5,"href":"https:\/\/homix-ks.com\/en\/wp-json\/wp\/v2\/product\/4526\/revisions"}],"predecessor-version":[{"id":4531,"href":"https:\/\/homix-ks.com\/en\/wp-json\/wp\/v2\/product\/4526\/revisions\/4531"}],"wp:featuredmedia":[{"embeddable":true,"href":"https:\/\/homix-ks.com\/en\/wp-json\/wp\/v2\/media\/4527"}],"wp:attachment":[{"href":"https:\/\/homix-ks.com\/en\/wp-json\/wp\/v2\/media?parent=4526"}],"wp:term":[{"taxonomy":"brand","embeddable":true,"href":"https:\/\/homix-ks.com\/en\/wp-json\/wp\/v2\/etheme_brands?post=4526"},{"taxonomy":"product_brand","embeddable":true,"href":"https:\/\/homix-ks.com\/en\/wp-json\/wp\/v2\/product_brand?post=4526"},{"taxonomy":"product_cat","embeddable":true,"href":"https:\/\/homix-ks.com\/en\/wp-json\/wp\/v2\/product_cat?post=4526"},{"taxonomy":"product_tag","embeddable":true,"href":"https:\/\/homix-ks.com\/en\/wp-json\/wp\/v2\/product_tag?post=4526"}],"curies":[{"name":"wp","href":"https:\/\/api.w.org\/{rel}","templated":true}]}}