{"id":4519,"date":"2025-10-01T12:33:02","date_gmt":"2025-10-01T12:33:02","guid":{"rendered":"https:\/\/homix-ks.com\/?post_type=product&#038;p=4519"},"modified":"2026-01-09T20:30:01","modified_gmt":"2026-01-09T20:30:01","slug":"dessini-ds228s-blender","status":"publish","type":"product","link":"https:\/\/homix-ks.com\/en\/product\/dessini-ds228s-blender\/","title":{"rendered":"Blender &#8211; Dessini DS-228S"},"content":{"rendered":"<p>Specifikat:<\/p>\n<ul>\n<li data-start=\"817\" data-end=\"840\">\n<p data-start=\"819\" data-end=\"840\"><strong data-start=\"819\" data-end=\"830\">Modeli:<\/strong> DS-228S<\/p>\n<\/li>\n<li data-start=\"841\" data-end=\"861\">\n<p data-start=\"843\" data-end=\"861\"><strong data-start=\"843\" data-end=\"853\">Fuqia:<\/strong> 1200 W<\/p>\n<\/li>\n<li data-start=\"886\" data-end=\"913\">\n<p data-start=\"888\" data-end=\"913\"><strong data-start=\"888\" data-end=\"903\">Kapaciteti:<\/strong> 1500 ml<\/p>\n<\/li>\n<li data-start=\"914\" data-end=\"959\">\n<p data-start=\"916\" data-end=\"959\"><strong data-start=\"916\" data-end=\"938\">Materiali i tehut:<\/strong> Inoks (\u00e7elik inox)<\/p>\n<\/li>\n<li data-start=\"960\" data-end=\"1002\">\n<p data-start=\"962\" data-end=\"1002\"><strong data-start=\"962\" data-end=\"985\">Materiali i trupit:<\/strong> Plastik + Qelq<\/p>\n<\/li>\n<li data-start=\"960\" data-end=\"1002\"><strong>Materiali i gotes:\u00a0<\/strong>Qelq<\/li>\n<li data-start=\"1003\" data-end=\"1027\">\n<p data-start=\"1005\" data-end=\"1027\"><strong data-start=\"1005\" data-end=\"1016\">Ngjyra:<\/strong> Silver<\/p>\n<\/li>\n<li data-start=\"1067\" data-end=\"1216\">\n<p data-start=\"1069\" data-end=\"1085\"><strong data-start=\"1069\" data-end=\"1083\">Funksione:<\/strong><\/p>\n<ul data-start=\"1088\" data-end=\"1216\">\n<li data-start=\"1088\" data-end=\"1110\">\n<p data-start=\"1090\" data-end=\"1110\">Bluajtje p\u00ebr akull<\/p>\n<\/li>\n<li data-start=\"1113\" data-end=\"1167\">\n<p data-start=\"1115\" data-end=\"1167\">Bluajtje p\u00ebr ushqime t\u00eb thata (me kok\u00eb t\u00eb ve\u00e7ant\u00eb)<\/p>\n<\/li>\n<li data-start=\"1170\" data-end=\"1190\">\n<p data-start=\"1172\" data-end=\"1190\">Funksion &#8220;Pulse&#8221;<\/p>\n<\/li>\n<\/ul>\n<\/li>\n<\/ul>","protected":false},"excerpt":{"rendered":"<p><strong data-start=\"166\" data-end=\"184\">Dessini DS228S<\/strong> \u00ebsht\u00eb nj\u00eb blender i fuqish\u00ebm dhe praktik me motor me b\u00ebrtham\u00eb 100% bakri p\u00ebr p\u00ebrdorim afatgjat\u00eb dhe t\u00eb besuesh\u00ebm. I pajisur me funksion p\u00ebr thyerjen e akullit, ai ju mund\u00ebson p\u00ebrgatitjen e smoothie-ve t\u00eb shijshme me tekstur\u00eb perfekte.<\/p>","protected":false},"featured_media":5200,"comment_status":"open","ping_status":"closed","template":"","meta":{"_eb_attr":"","content-type":""},"etheme_brands":[],"product_brand":[78],"product_cat":[92,73],"product_tag":[],"class_list":{"0":"post-4519","1":"product","2":"type-product","3":"status-publish","4":"has-post-thumbnail","6":"product_brand-dessini","7":"product_cat-hapja-e-madhe","8":"product_cat-pajisje-kuzhine","10":"first","11":"outofstock","12":"sale","13":"shipping-taxable","14":"purchasable","15":"product-type-simple"},"_links":{"self":[{"href":"https:\/\/homix-ks.com\/en\/wp-json\/wp\/v2\/product\/4519","targetHints":{"allow":["GET"]}}],"collection":[{"href":"https:\/\/homix-ks.com\/en\/wp-json\/wp\/v2\/product"}],"about":[{"href":"https:\/\/homix-ks.com\/en\/wp-json\/wp\/v2\/types\/product"}],"replies":[{"embeddable":true,"href":"https:\/\/homix-ks.com\/en\/wp-json\/wp\/v2\/comments?post=4519"}],"version-history":[{"count":5,"href":"https:\/\/homix-ks.com\/en\/wp-json\/wp\/v2\/product\/4519\/revisions"}],"predecessor-version":[{"id":4524,"href":"https:\/\/homix-ks.com\/en\/wp-json\/wp\/v2\/product\/4519\/revisions\/4524"}],"wp:featuredmedia":[{"embeddable":true,"href":"https:\/\/homix-ks.com\/en\/wp-json\/wp\/v2\/media\/5200"}],"wp:attachment":[{"href":"https:\/\/homix-ks.com\/en\/wp-json\/wp\/v2\/media?parent=4519"}],"wp:term":[{"taxonomy":"brand","embeddable":true,"href":"https:\/\/homix-ks.com\/en\/wp-json\/wp\/v2\/etheme_brands?post=4519"},{"taxonomy":"product_brand","embeddable":true,"href":"https:\/\/homix-ks.com\/en\/wp-json\/wp\/v2\/product_brand?post=4519"},{"taxonomy":"product_cat","embeddable":true,"href":"https:\/\/homix-ks.com\/en\/wp-json\/wp\/v2\/product_cat?post=4519"},{"taxonomy":"product_tag","embeddable":true,"href":"https:\/\/homix-ks.com\/en\/wp-json\/wp\/v2\/product_tag?post=4519"}],"curies":[{"name":"wp","href":"https:\/\/api.w.org\/{rel}","templated":true}]}}