{"id":4510,"date":"2025-10-01T12:21:12","date_gmt":"2025-10-01T12:21:12","guid":{"rendered":"https:\/\/homix-ks.com\/?post_type=product&#038;p=4510"},"modified":"2026-02-24T11:24:10","modified_gmt":"2026-02-24T11:24:10","slug":"4510","status":"publish","type":"product","link":"https:\/\/homix-ks.com\/en\/product\/4510\/","title":{"rendered":"Fshes\u00eb me korrent &#8211; Dessini DS-111"},"content":{"rendered":"<p>Specifikiat:<\/p>\n<ul>\n<li data-start=\"575\" data-end=\"613\">\n<p data-start=\"577\" data-end=\"613\"><strong data-start=\"577\" data-end=\"599\">Lloji i pastrimit:<\/strong> That\u00eb (Dry)<\/p>\n<\/li>\n<li data-start=\"614\" data-end=\"646\">\n<p data-start=\"616\" data-end=\"646\"><strong data-start=\"616\" data-end=\"637\">Fuqia e konsumit:<\/strong> 2000 W<\/p>\n<\/li>\n<li data-start=\"683\" data-end=\"736\">\n<p data-start=\"685\" data-end=\"736\"><strong data-start=\"685\" data-end=\"726\">Kapaciteti i rezervuarit t\u00eb pluhurit:<\/strong> 3 litra<\/p>\n<\/li>\n<li data-start=\"737\" data-end=\"787\">\n<p data-start=\"739\" data-end=\"787\"><strong data-start=\"739\" data-end=\"775\">Lloji i rezervuarit t\u00eb pluhurit: Tas plastike<\/strong><\/p>\n<\/li>\n<li data-start=\"788\" data-end=\"808\">\n<p data-start=\"790\" data-end=\"808\"><strong data-start=\"790\" data-end=\"801\">Filtri:<\/strong> HEPA<\/p>\n<\/li>\n<li data-start=\"809\" data-end=\"844\">\n<p data-start=\"811\" data-end=\"844\"><strong data-start=\"811\" data-end=\"834\">Materiali i trupit:<\/strong> Plastik<\/p>\n<\/li>\n<li data-start=\"878\" data-end=\"900\">\n<p data-start=\"880\" data-end=\"900\"><strong data-start=\"880\" data-end=\"891\">Ngjyra:<\/strong> E zez\u00eb<\/p>\n<\/li>\n<li data-start=\"901\" data-end=\"938\"><strong data-start=\"941\" data-end=\"975\">Mbledhje automatike e kabllos:<\/strong> Po<\/li>\n<\/ul>","protected":false},"excerpt":{"rendered":"<p>Fshesa me korrent <strong data-start=\"45\" data-end=\"63\">Dessini DS-111<\/strong> \u00ebsht\u00eb nj\u00eb pajisje efikase dhe funksionale p\u00ebr pastrimin e p\u00ebrditsh\u00ebm n\u00eb ambiente t\u00eb brendshme. Me fuqi t\u00eb lart\u00eb thithjeje dhe filt\u00ebr HEPA p\u00ebr pastrim t\u00eb thell\u00eb, ajo ofron komoditet me funksione si mbledhja automatike e kabllos dhe rezervuar pluhuri me kontejner.<\/p>","protected":false},"featured_media":5198,"comment_status":"open","ping_status":"closed","template":"","meta":{"_eb_attr":"","content-type":""},"etheme_brands":[],"product_brand":[78],"product_cat":[92,74],"product_tag":[],"class_list":{"0":"post-4510","1":"product","2":"type-product","3":"status-publish","4":"has-post-thumbnail","6":"product_brand-dessini","7":"product_cat-hapja-e-madhe","8":"product_cat-pajisje-pastrimi","10":"first","11":"outofstock","12":"sale","13":"shipping-taxable","14":"purchasable","15":"product-type-simple"},"_links":{"self":[{"href":"https:\/\/homix-ks.com\/en\/wp-json\/wp\/v2\/product\/4510","targetHints":{"allow":["GET"]}}],"collection":[{"href":"https:\/\/homix-ks.com\/en\/wp-json\/wp\/v2\/product"}],"about":[{"href":"https:\/\/homix-ks.com\/en\/wp-json\/wp\/v2\/types\/product"}],"replies":[{"embeddable":true,"href":"https:\/\/homix-ks.com\/en\/wp-json\/wp\/v2\/comments?post=4510"}],"version-history":[{"count":5,"href":"https:\/\/homix-ks.com\/en\/wp-json\/wp\/v2\/product\/4510\/revisions"}],"predecessor-version":[{"id":4789,"href":"https:\/\/homix-ks.com\/en\/wp-json\/wp\/v2\/product\/4510\/revisions\/4789"}],"wp:featuredmedia":[{"embeddable":true,"href":"https:\/\/homix-ks.com\/en\/wp-json\/wp\/v2\/media\/5198"}],"wp:attachment":[{"href":"https:\/\/homix-ks.com\/en\/wp-json\/wp\/v2\/media?parent=4510"}],"wp:term":[{"taxonomy":"brand","embeddable":true,"href":"https:\/\/homix-ks.com\/en\/wp-json\/wp\/v2\/etheme_brands?post=4510"},{"taxonomy":"product_brand","embeddable":true,"href":"https:\/\/homix-ks.com\/en\/wp-json\/wp\/v2\/product_brand?post=4510"},{"taxonomy":"product_cat","embeddable":true,"href":"https:\/\/homix-ks.com\/en\/wp-json\/wp\/v2\/product_cat?post=4510"},{"taxonomy":"product_tag","embeddable":true,"href":"https:\/\/homix-ks.com\/en\/wp-json\/wp\/v2\/product_tag?post=4510"}],"curies":[{"name":"wp","href":"https:\/\/api.w.org\/{rel}","templated":true}]}}