{"id":4504,"date":"2025-10-01T10:54:45","date_gmt":"2025-10-01T10:54:45","guid":{"rendered":"https:\/\/homix-ks.com\/?post_type=product&#038;p=4504"},"modified":"2026-01-09T20:29:14","modified_gmt":"2026-01-09T20:29:14","slug":"4504","status":"publish","type":"product","link":"https:\/\/homix-ks.com\/en\/product\/4504\/","title":{"rendered":"Fshes\u00eb me Korrent 3200W &#8211; DESSINI DS-990"},"content":{"rendered":"<p>Specifikat:<\/p>\n<ul>\n<li data-start=\"799\" data-end=\"826\">\n<p data-start=\"801\" data-end=\"826\"><strong>Fuqi e lart\u00eb:<\/strong> 3200W<\/p>\n<\/li>\n<li data-start=\"799\" data-end=\"826\"><strong>Modeli: <\/strong>DS-990<\/li>\n<li data-start=\"863\" data-end=\"940\">\n<p data-start=\"865\" data-end=\"940\">Filtrim me <strong data-start=\"876\" data-end=\"888\">6 nivele<\/strong>, p\u00ebr kapje maksimale t\u00eb pluhurit dhe papast\u00ebrtive<\/p>\n<\/li>\n<li data-start=\"941\" data-end=\"1005\">\n<p data-start=\"943\" data-end=\"1005\">Qese pluhuri e <strong data-start=\"958\" data-end=\"980\">lar\u00eb dhe jet\u00ebgjat\u00eb<\/strong>, pa humbje performance<\/p>\n<\/li>\n<li data-start=\"1006\" data-end=\"1046\">\n<p data-start=\"1008\" data-end=\"1046\">Kontroll i leht\u00eb me buton <strong data-start=\"1034\" data-end=\"1044\">ON\/OFF<\/strong><\/p>\n<\/li>\n<li data-start=\"1114\" data-end=\"1183\">\n<p data-start=\"1116\" data-end=\"1183\"><strong data-start=\"1116\" data-end=\"1143\">Mb\u00ebshtjellje automatike<\/strong> e kabllos p\u00ebr organizim pa ngat\u00ebrrime<\/p>\n<\/li>\n<li data-start=\"1238\" data-end=\"1307\"><strong data-start=\"1310\" data-end=\"1327\">Zhurm\u00eb e ul\u00ebt<\/strong>, p\u00ebr nj\u00eb mjedis t\u00eb qet\u00eb gjat\u00eb p\u00ebrdorimit<\/li>\n<li data-start=\"1438\" data-end=\"1500\">\n<p data-start=\"1440\" data-end=\"1500\">E leht\u00eb p\u00ebr transport, fal\u00eb rrotave dhe dorez\u00ebs s\u00eb integruar.<\/p>\n<\/li>\n<li data-start=\"1438\" data-end=\"1500\"><strong>Ngjyra:<\/strong> E zeze me gold<\/li>\n<\/ul>","protected":false},"excerpt":{"rendered":"<p>Fshesa me korrent <strong data-start=\"399\" data-end=\"417\">DESSINI DS-990<\/strong> me fuqi t\u00eb lart\u00eb <strong data-start=\"435\" data-end=\"444\">3200W<\/strong> ofron pastrim t\u00eb plot\u00eb dhe efikas fal\u00eb sistemit t\u00eb filtrimit me 6 nivele dhe qeses s\u00eb lar\u00eb p\u00ebr pluhura. E pajisur me dorez\u00eb teleskopike t\u00eb zgjatshme, fur\u00e7\u00eb rrotulluese p\u00ebr dysheme dhe funksion &#8220;low-noise&#8221;, kjo fshes\u00eb \u00ebsht\u00eb perfekte p\u00ebr \u00e7do sip\u00ebrfaqe \u2013 nga pllakat dhe parketi, deri te tapetet apo ambientet e jashtme.<\/p>","protected":false},"featured_media":5273,"comment_status":"open","ping_status":"closed","template":"","meta":{"_eb_attr":"","content-type":""},"etheme_brands":[],"product_brand":[78],"product_cat":[92,74],"product_tag":[],"class_list":{"0":"post-4504","1":"product","2":"type-product","3":"status-publish","4":"has-post-thumbnail","6":"product_brand-dessini","7":"product_cat-hapja-e-madhe","8":"product_cat-pajisje-pastrimi","10":"first","11":"outofstock","12":"sale","13":"shipping-taxable","14":"purchasable","15":"product-type-simple"},"_links":{"self":[{"href":"https:\/\/homix-ks.com\/en\/wp-json\/wp\/v2\/product\/4504","targetHints":{"allow":["GET"]}}],"collection":[{"href":"https:\/\/homix-ks.com\/en\/wp-json\/wp\/v2\/product"}],"about":[{"href":"https:\/\/homix-ks.com\/en\/wp-json\/wp\/v2\/types\/product"}],"replies":[{"embeddable":true,"href":"https:\/\/homix-ks.com\/en\/wp-json\/wp\/v2\/comments?post=4504"}],"version-history":[{"count":5,"href":"https:\/\/homix-ks.com\/en\/wp-json\/wp\/v2\/product\/4504\/revisions"}],"predecessor-version":[{"id":5327,"href":"https:\/\/homix-ks.com\/en\/wp-json\/wp\/v2\/product\/4504\/revisions\/5327"}],"wp:featuredmedia":[{"embeddable":true,"href":"https:\/\/homix-ks.com\/en\/wp-json\/wp\/v2\/media\/5273"}],"wp:attachment":[{"href":"https:\/\/homix-ks.com\/en\/wp-json\/wp\/v2\/media?parent=4504"}],"wp:term":[{"taxonomy":"brand","embeddable":true,"href":"https:\/\/homix-ks.com\/en\/wp-json\/wp\/v2\/etheme_brands?post=4504"},{"taxonomy":"product_brand","embeddable":true,"href":"https:\/\/homix-ks.com\/en\/wp-json\/wp\/v2\/product_brand?post=4504"},{"taxonomy":"product_cat","embeddable":true,"href":"https:\/\/homix-ks.com\/en\/wp-json\/wp\/v2\/product_cat?post=4504"},{"taxonomy":"product_tag","embeddable":true,"href":"https:\/\/homix-ks.com\/en\/wp-json\/wp\/v2\/product_tag?post=4504"}],"curies":[{"name":"wp","href":"https:\/\/api.w.org\/{rel}","templated":true}]}}