{"id":4486,"date":"2025-10-01T09:59:16","date_gmt":"2025-10-01T09:59:16","guid":{"rendered":"https:\/\/homix-ks.com\/?post_type=product&#038;p=4486"},"modified":"2026-04-14T20:22:58","modified_gmt":"2026-04-14T20:22:58","slug":"dessini-ds-410a-toster-me-dy-faqe-pjekjeje","status":"publish","type":"product","link":"https:\/\/homix-ks.com\/en\/product\/dessini-ds-410a-toster-me-dy-faqe-pjekjeje\/","title":{"rendered":"Toster &#8211; DESSINI DS-410A"},"content":{"rendered":"<p>Specifikat:<\/p>\n<ul>\n<li><strong>Modeli<\/strong>: DS-410A<\/li>\n<\/ul>\n<ul>\n<li data-start=\"528\" data-end=\"543\">\n<p data-start=\"530\" data-end=\"543\"><strong>Fuqia<\/strong>: 750W<\/p>\n<\/li>\n<li data-start=\"564\" data-end=\"589\">\n<p data-start=\"566\" data-end=\"589\">Dy sip\u00ebrfaqe pjekjeje<\/p>\n<\/li>\n<li data-start=\"590\" data-end=\"636\">\n<p data-start=\"592\" data-end=\"636\">Leht\u00eb p\u00ebr t\u2019u pastruar<\/p>\n<\/li>\n<li data-start=\"637\" data-end=\"694\">\n<p data-start=\"639\" data-end=\"694\">Teknologji p\u00ebr shp\u00ebrndarje t\u00eb barabart\u00eb t\u00eb nxeht\u00ebsis\u00eb<\/p>\n<\/li>\n<li data-start=\"695\" data-end=\"742\">\n<p data-start=\"697\" data-end=\"742\">Dorez\u00eb me izolim termik (cool-touch handle)<\/p>\n<\/li>\n<li data-start=\"743\" data-end=\"763\">\n<p data-start=\"745\" data-end=\"763\">Madh\u00ebsi kompakte<\/p>\n<\/li>\n<li data-start=\"764\" data-end=\"830\">\n<p data-start=\"766\" data-end=\"830\">P\u00ebrshtatsh\u00ebm p\u00ebr panini, vez\u00eb, pallaqinka, waffle, bacon, etj.<\/p>\n<\/li>\n<li data-start=\"831\" data-end=\"881\">\n<p data-start=\"833\" data-end=\"881\">P\u00ebrdorim i sigurt, parandalon djegien e ushqimit<\/p>\n<\/li>\n<\/ul>","protected":false},"excerpt":{"rendered":"<p>Toster me dy sip\u00ebrfaqe pjekjeje q\u00eb ju lejon t\u00eb gatuani ushqimin n\u00eb t\u00eb dyja an\u00ebt n\u00eb t\u00eb nj\u00ebjt\u00ebn koh\u00eb. I pajisur me veshje jo-ngjit\u00ebse, teknologji p\u00ebr kursim energjie dhe dorez\u00eb q\u00eb nuk nxehet, \u00ebsht\u00eb zgjidhja ideale p\u00ebr nj\u00eb gatim t\u00eb shpejt\u00eb, t\u00eb sh\u00ebndetsh\u00ebm dhe t\u00eb leht\u00eb n\u00eb kuzhin\u00ebn tuaj.<\/p>","protected":false},"featured_media":5249,"comment_status":"open","ping_status":"closed","template":"","meta":{"_eb_attr":"","content-type":""},"etheme_brands":[],"product_brand":[78],"product_cat":[73],"product_tag":[],"class_list":{"0":"post-4486","1":"product","2":"type-product","3":"status-publish","4":"has-post-thumbnail","6":"product_brand-dessini","7":"product_cat-pajisje-kuzhine","9":"first","10":"instock","11":"sale","12":"shipping-taxable","13":"purchasable","14":"product-type-simple"},"_links":{"self":[{"href":"https:\/\/homix-ks.com\/en\/wp-json\/wp\/v2\/product\/4486","targetHints":{"allow":["GET"]}}],"collection":[{"href":"https:\/\/homix-ks.com\/en\/wp-json\/wp\/v2\/product"}],"about":[{"href":"https:\/\/homix-ks.com\/en\/wp-json\/wp\/v2\/types\/product"}],"replies":[{"embeddable":true,"href":"https:\/\/homix-ks.com\/en\/wp-json\/wp\/v2\/comments?post=4486"}],"version-history":[{"count":4,"href":"https:\/\/homix-ks.com\/en\/wp-json\/wp\/v2\/product\/4486\/revisions"}],"predecessor-version":[{"id":5324,"href":"https:\/\/homix-ks.com\/en\/wp-json\/wp\/v2\/product\/4486\/revisions\/5324"}],"wp:featuredmedia":[{"embeddable":true,"href":"https:\/\/homix-ks.com\/en\/wp-json\/wp\/v2\/media\/5249"}],"wp:attachment":[{"href":"https:\/\/homix-ks.com\/en\/wp-json\/wp\/v2\/media?parent=4486"}],"wp:term":[{"taxonomy":"brand","embeddable":true,"href":"https:\/\/homix-ks.com\/en\/wp-json\/wp\/v2\/etheme_brands?post=4486"},{"taxonomy":"product_brand","embeddable":true,"href":"https:\/\/homix-ks.com\/en\/wp-json\/wp\/v2\/product_brand?post=4486"},{"taxonomy":"product_cat","embeddable":true,"href":"https:\/\/homix-ks.com\/en\/wp-json\/wp\/v2\/product_cat?post=4486"},{"taxonomy":"product_tag","embeddable":true,"href":"https:\/\/homix-ks.com\/en\/wp-json\/wp\/v2\/product_tag?post=4486"}],"curies":[{"name":"wp","href":"https:\/\/api.w.org\/{rel}","templated":true}]}}