{"id":4470,"date":"2025-10-01T09:06:36","date_gmt":"2025-10-01T09:06:36","guid":{"rendered":"https:\/\/homix-ks.com\/?post_type=product&#038;p=4470"},"modified":"2026-04-16T18:10:54","modified_gmt":"2026-04-16T18:10:54","slug":"dessini-ds-4722-blender-dore-4in1-1200w","status":"publish","type":"product","link":"https:\/\/homix-ks.com\/en\/product\/dessini-ds-4722-blender-dore-4in1-1200w\/","title":{"rendered":"Blender Dore 4IN1 1200W &#8211; DESSINI DS-4722"},"content":{"rendered":"<p>Specifikat:<\/p>\n<ul>\n<li data-start=\"673\" data-end=\"696\">\n<p data-start=\"675\" data-end=\"696\"><strong data-start=\"675\" data-end=\"686\">Modeli:<\/strong> DS-4722<\/p>\n<\/li>\n<li data-start=\"697\" data-end=\"731\">\n<p data-start=\"699\" data-end=\"731\"><strong data-start=\"699\" data-end=\"709\">Lloji:<\/strong> Blender dore 4-n\u00eb-1<\/p>\n<\/li>\n<li data-start=\"732\" data-end=\"752\">\n<p data-start=\"734\" data-end=\"752\"><strong data-start=\"734\" data-end=\"744\">Fuqia:<\/strong> 1200W<\/p>\n<\/li>\n<li data-start=\"753\" data-end=\"801\">\n<p data-start=\"755\" data-end=\"801\"><strong data-start=\"755\" data-end=\"792\">Kapaciteti i procesorit ushqimor:<\/strong> 500 mL<\/p>\n<\/li>\n<li data-start=\"802\" data-end=\"836\">\n<p data-start=\"804\" data-end=\"836\"><strong data-start=\"804\" data-end=\"827\">Kapaciteti i kup\u00ebs:<\/strong> 650 mL<\/p>\n<\/li>\n<li data-start=\"837\" data-end=\"876\">\n<p data-start=\"839\" data-end=\"876\"><strong data-start=\"839\" data-end=\"863\">Materiali i thikave:<\/strong> \u00c7elik inox<\/p>\n<\/li>\n<li data-start=\"877\" data-end=\"917\">\n<p data-start=\"879\" data-end=\"917\"><strong data-start=\"879\" data-end=\"895\">Shpejt\u00ebsit\u00eb:<\/strong> 2 nivele shpejt\u00ebsie<\/p>\n<\/li>\n<li data-start=\"918\" data-end=\"988\">\n<p data-start=\"920\" data-end=\"988\"><strong data-start=\"920\" data-end=\"929\">Baza:<\/strong> E shk\u00ebputshme, me \u00e7lirim t\u00eb shpejt\u00eb p\u00ebr pastrim t\u00eb leht\u00eb<\/p>\n<\/li>\n<li data-start=\"989\" data-end=\"1251\">\n<p data-start=\"991\" data-end=\"1021\"><strong data-start=\"991\" data-end=\"1021\">Karakteristika t\u00eb ve\u00e7anta:<\/strong><\/p>\n<ul data-start=\"1024\" data-end=\"1251\">\n<li data-start=\"1024\" data-end=\"1090\">\n<p data-start=\"1026\" data-end=\"1090\">P\u00ebrshtatsh\u00ebm p\u00ebr p\u00ebrgatitjen e ushqimit p\u00ebr foshnje dhe smoothie<\/p>\n<\/li>\n<li data-start=\"1093\" data-end=\"1151\">\n<p data-start=\"1095\" data-end=\"1151\">Grinder p\u00ebr p\u00ebrpunimin e llojeve t\u00eb ndryshme ushqimesh<\/p>\n<\/li>\n<li data-start=\"1154\" data-end=\"1207\">\n<p data-start=\"1156\" data-end=\"1207\">Kompakt, i leht\u00eb p\u00ebr t\u2019u ruajtur dhe transportuar<\/p>\n<\/li>\n<li data-start=\"1210\" data-end=\"1251\">\n<p data-start=\"1212\" data-end=\"1251\">P\u00ebrdorim dhe pastrim shum\u00eb i thjesht\u00eb<\/p>\n<\/li>\n<\/ul>\n<\/li>\n<\/ul>","protected":false},"excerpt":{"rendered":"<p>Blenderi dore <strong data-start=\"176\" data-end=\"200\">DESSINI 4IN1 DS-4722<\/strong> me fuqi prej <strong data-start=\"214\" data-end=\"223\">1200W<\/strong> \u00ebsht\u00eb nj\u00eb pajisje e fuqishme dhe shum\u00ebfunksionale, e p\u00ebrshtatshme p\u00ebr \u00e7do kuzhin\u00eb. Ideale p\u00ebr p\u00ebrgatitjen e pureve, supave, ushqimit p\u00ebr foshnje, smoothie-ve dhe shum\u00eb t\u00eb tjera.<\/p>","protected":false},"featured_media":5186,"comment_status":"open","ping_status":"closed","template":"","meta":{"_eb_attr":"","content-type":""},"etheme_brands":[],"product_brand":[78],"product_cat":[92,73],"product_tag":[],"class_list":{"0":"post-4470","1":"product","2":"type-product","3":"status-publish","4":"has-post-thumbnail","6":"product_brand-dessini","7":"product_cat-hapja-e-madhe","8":"product_cat-pajisje-kuzhine","10":"first","11":"outofstock","12":"sale","13":"shipping-taxable","14":"purchasable","15":"product-type-simple"},"_links":{"self":[{"href":"https:\/\/homix-ks.com\/en\/wp-json\/wp\/v2\/product\/4470","targetHints":{"allow":["GET"]}}],"collection":[{"href":"https:\/\/homix-ks.com\/en\/wp-json\/wp\/v2\/product"}],"about":[{"href":"https:\/\/homix-ks.com\/en\/wp-json\/wp\/v2\/types\/product"}],"replies":[{"embeddable":true,"href":"https:\/\/homix-ks.com\/en\/wp-json\/wp\/v2\/comments?post=4470"}],"version-history":[{"count":3,"href":"https:\/\/homix-ks.com\/en\/wp-json\/wp\/v2\/product\/4470\/revisions"}],"predecessor-version":[{"id":4474,"href":"https:\/\/homix-ks.com\/en\/wp-json\/wp\/v2\/product\/4470\/revisions\/4474"}],"wp:featuredmedia":[{"embeddable":true,"href":"https:\/\/homix-ks.com\/en\/wp-json\/wp\/v2\/media\/5186"}],"wp:attachment":[{"href":"https:\/\/homix-ks.com\/en\/wp-json\/wp\/v2\/media?parent=4470"}],"wp:term":[{"taxonomy":"brand","embeddable":true,"href":"https:\/\/homix-ks.com\/en\/wp-json\/wp\/v2\/etheme_brands?post=4470"},{"taxonomy":"product_brand","embeddable":true,"href":"https:\/\/homix-ks.com\/en\/wp-json\/wp\/v2\/product_brand?post=4470"},{"taxonomy":"product_cat","embeddable":true,"href":"https:\/\/homix-ks.com\/en\/wp-json\/wp\/v2\/product_cat?post=4470"},{"taxonomy":"product_tag","embeddable":true,"href":"https:\/\/homix-ks.com\/en\/wp-json\/wp\/v2\/product_tag?post=4470"}],"curies":[{"name":"wp","href":"https:\/\/api.w.org\/{rel}","templated":true}]}}