{"id":4460,"date":"2025-09-30T13:32:42","date_gmt":"2025-09-30T13:32:42","guid":{"rendered":"https:\/\/homix-ks.com\/?post_type=product&#038;p=4460"},"modified":"2025-11-13T18:56:26","modified_gmt":"2025-11-13T18:56:26","slug":"dessini-ds%e2%80%9116ss-cajnik-elektrik-2-0l","status":"publish","type":"product","link":"https:\/\/homix-ks.com\/en\/product\/dessini-ds%e2%80%9116ss-cajnik-elektrik-2-0l\/","title":{"rendered":"Vluese Uji 2.0L &#8211; Dessini DS\u201116SS"},"content":{"rendered":"<h3 data-start=\"517\" data-end=\"549\"><strong data-start=\"523\" data-end=\"549\">Specifikat:<\/strong><\/h3>\n<ul data-start=\"551\" data-end=\"992\">\n<li data-start=\"574\" data-end=\"597\">\n<p data-start=\"576\" data-end=\"597\"><strong data-start=\"576\" data-end=\"587\">Modeli:<\/strong> DS\u201116SS<\/p>\n<\/li>\n<li data-start=\"598\" data-end=\"619\">\n<p data-start=\"600\" data-end=\"619\"><strong data-start=\"600\" data-end=\"610\">Fuqia:<\/strong> 2000\u202fW<\/p>\n<\/li>\n<li data-start=\"620\" data-end=\"649\">\n<p data-start=\"622\" data-end=\"649\"><strong data-start=\"622\" data-end=\"637\">Kapaciteti:<\/strong> 2.0 litra<\/p>\n<\/li>\n<li data-start=\"650\" data-end=\"680\">\n<p data-start=\"652\" data-end=\"680\"><strong data-start=\"652\" data-end=\"661\">Baza:<\/strong> Rrotulluese 360\u00b0<\/p>\n<\/li>\n<li data-start=\"681\" data-end=\"726\">\n<p data-start=\"683\" data-end=\"726\"><strong data-start=\"683\" data-end=\"706\">Mbyllje automatike<\/strong><\/p>\n<\/li>\n<li data-start=\"727\" data-end=\"763\">\n<p data-start=\"729\" data-end=\"763\"><strong data-start=\"729\" data-end=\"758\">Mbrojtje ndaj mbinxehjes<\/strong><\/p>\n<\/li>\n<li data-start=\"796\" data-end=\"846\">\n<p data-start=\"798\" data-end=\"846\"><strong data-start=\"798\" data-end=\"826\">Kapak me bllokim sigurie<\/strong><\/p>\n<\/li>\n<li data-start=\"847\" data-end=\"902\">\n<p data-start=\"849\" data-end=\"902\"><strong data-start=\"849\" data-end=\"900\">Buton nj\u00eb-prek\u00ebs p\u00ebr hapje t\u00eb leht\u00eb dhe mbushje<\/strong><\/p>\n<\/li>\n<li data-start=\"903\" data-end=\"936\">\n<p data-start=\"905\" data-end=\"936\"><strong data-start=\"905\" data-end=\"934\">Dizajn modern dhe praktik<\/strong><\/p>\n<\/li>\n<li data-start=\"937\" data-end=\"992\">\n<p data-start=\"939\" data-end=\"992\"><strong data-start=\"939\" data-end=\"971\">P\u00ebrdorim i p\u00ebrshtatsh\u00ebm p\u00ebr:<\/strong> sht\u00ebpi, zyr\u00eb, lokale<\/p>\n<\/li>\n<\/ul>","protected":false},"excerpt":{"rendered":"<p><strong data-start=\"175\" data-end=\"194\">Dessini DS\u201116SS<\/strong> \u00ebsht\u00eb \u00e7ajnik elektrik i fuqish\u00ebm dhe praktik me kapacitet <strong data-start=\"253\" data-end=\"266\">2.0 litra<\/strong>, ideal p\u00ebr p\u00ebrdorim n\u00eb sht\u00ebpi, zyr\u00eb apo restorant. Me fuqi <strong data-start=\"326\" data-end=\"335\">2000W<\/strong>, uj\u00eb i nxeht\u00eb \u00ebsht\u00eb gati p\u00ebr vet\u00ebm <strong data-start=\"371\" data-end=\"385\">5\u20136 minuta<\/strong>. Dizajni modern dhe funksionaliteti i sigurt e b\u00ebjn\u00eb perfekt p\u00ebr p\u00ebrgatitjen e \u00e7ajit, kafes\u00eb apo thjesht p\u00ebr zierjen e ujit.<\/p>","protected":false},"featured_media":5191,"comment_status":"open","ping_status":"closed","template":"","meta":{"_eb_attr":"","content-type":""},"etheme_brands":[],"product_brand":[78],"product_cat":[92,73],"product_tag":[],"class_list":{"0":"post-4460","1":"product","2":"type-product","3":"status-publish","4":"has-post-thumbnail","6":"product_brand-dessini","7":"product_cat-hapja-e-madhe","8":"product_cat-pajisje-kuzhine","10":"first","11":"instock","12":"sale","13":"shipping-taxable","14":"purchasable","15":"product-type-simple"},"_links":{"self":[{"href":"https:\/\/homix-ks.com\/en\/wp-json\/wp\/v2\/product\/4460","targetHints":{"allow":["GET"]}}],"collection":[{"href":"https:\/\/homix-ks.com\/en\/wp-json\/wp\/v2\/product"}],"about":[{"href":"https:\/\/homix-ks.com\/en\/wp-json\/wp\/v2\/types\/product"}],"replies":[{"embeddable":true,"href":"https:\/\/homix-ks.com\/en\/wp-json\/wp\/v2\/comments?post=4460"}],"version-history":[{"count":4,"href":"https:\/\/homix-ks.com\/en\/wp-json\/wp\/v2\/product\/4460\/revisions"}],"predecessor-version":[{"id":4669,"href":"https:\/\/homix-ks.com\/en\/wp-json\/wp\/v2\/product\/4460\/revisions\/4669"}],"wp:featuredmedia":[{"embeddable":true,"href":"https:\/\/homix-ks.com\/en\/wp-json\/wp\/v2\/media\/5191"}],"wp:attachment":[{"href":"https:\/\/homix-ks.com\/en\/wp-json\/wp\/v2\/media?parent=4460"}],"wp:term":[{"taxonomy":"brand","embeddable":true,"href":"https:\/\/homix-ks.com\/en\/wp-json\/wp\/v2\/etheme_brands?post=4460"},{"taxonomy":"product_brand","embeddable":true,"href":"https:\/\/homix-ks.com\/en\/wp-json\/wp\/v2\/product_brand?post=4460"},{"taxonomy":"product_cat","embeddable":true,"href":"https:\/\/homix-ks.com\/en\/wp-json\/wp\/v2\/product_cat?post=4460"},{"taxonomy":"product_tag","embeddable":true,"href":"https:\/\/homix-ks.com\/en\/wp-json\/wp\/v2\/product_tag?post=4460"}],"curies":[{"name":"wp","href":"https:\/\/api.w.org\/{rel}","templated":true}]}}