{"id":4456,"date":"2025-09-30T13:26:27","date_gmt":"2025-09-30T13:26:27","guid":{"rendered":"https:\/\/homix-ks.com\/?post_type=product&#038;p=4456"},"modified":"2025-11-13T18:57:56","modified_gmt":"2025-11-13T18:57:56","slug":"dessini-ds%e2%80%9130ss-cajnik-elektrik","status":"publish","type":"product","link":"https:\/\/homix-ks.com\/en\/product\/dessini-ds%e2%80%9130ss-cajnik-elektrik\/","title":{"rendered":"Vluese Uji &#8211; Dessini DS-30SS"},"content":{"rendered":"<p data-start=\"451\" data-end=\"473\"><strong data-start=\"457\" data-end=\"473\">Specifikat:<\/strong><\/p>\n<ul data-start=\"474\" data-end=\"685\">\n<li data-start=\"474\" data-end=\"497\">\n<p data-start=\"476\" data-end=\"497\"><strong data-start=\"476\" data-end=\"487\">Modeli:<\/strong> DS\u201130SS<\/p>\n<\/li>\n<li data-start=\"474\" data-end=\"497\"><strong>Kapaciteti:\u00a0<\/strong>1.8l<\/li>\n<li data-start=\"498\" data-end=\"519\">\n<p data-start=\"500\" data-end=\"519\"><strong data-start=\"500\" data-end=\"510\">Fuqia:<\/strong> 2000\u202fW<\/p>\n<\/li>\n<li data-start=\"520\" data-end=\"580\">\n<p data-start=\"522\" data-end=\"580\"><strong data-start=\"522\" data-end=\"543\">Ngjyra \/ Dizajni:<\/strong> E zez\u00eb me vija vertikale relievi<\/p>\n<\/li>\n<li data-start=\"520\" data-end=\"580\"><strong>Fikje Automatike<\/strong><\/li>\n<li data-start=\"629\" data-end=\"685\">\n<p data-start=\"631\" data-end=\"685\"><strong data-start=\"631\" data-end=\"645\">P\u00ebrdorimi:<\/strong> Ideal p\u00ebr \u00e7aj, kafe dhe pije t\u00eb ngrohta<\/p>\n<\/li>\n<\/ul>","protected":false},"excerpt":{"rendered":"<p data-start=\"184\" data-end=\"444\"><strong data-start=\"184\" data-end=\"203\">Dessini DS\u201130SS<\/strong> \u00ebsht\u00eb nj\u00eb \u00e7ajnik elektrik me <strong data-start=\"233\" data-end=\"248\">fuqi 2000\u202fW<\/strong>, i p\u00ebrshtatsh\u00ebm p\u00ebr zierje t\u00eb shpejt\u00eb dhe efikase t\u00eb ujit. Me dizajn elegant, \u00ebsht\u00eb ideal p\u00ebr p\u00ebrgatitjen e \u00e7ajit, kafes\u00eb dhe pijeve t\u00eb tjera t\u00eb ngrohta.<\/p>","protected":false},"featured_media":5195,"comment_status":"open","ping_status":"closed","template":"","meta":{"_eb_attr":"","content-type":""},"etheme_brands":[],"product_brand":[78],"product_cat":[92,73],"product_tag":[],"class_list":{"0":"post-4456","1":"product","2":"type-product","3":"status-publish","4":"has-post-thumbnail","6":"product_brand-dessini","7":"product_cat-hapja-e-madhe","8":"product_cat-pajisje-kuzhine","10":"first","11":"instock","12":"sale","13":"shipping-taxable","14":"purchasable","15":"product-type-simple"},"_links":{"self":[{"href":"https:\/\/homix-ks.com\/en\/wp-json\/wp\/v2\/product\/4456","targetHints":{"allow":["GET"]}}],"collection":[{"href":"https:\/\/homix-ks.com\/en\/wp-json\/wp\/v2\/product"}],"about":[{"href":"https:\/\/homix-ks.com\/en\/wp-json\/wp\/v2\/types\/product"}],"replies":[{"embeddable":true,"href":"https:\/\/homix-ks.com\/en\/wp-json\/wp\/v2\/comments?post=4456"}],"version-history":[{"count":3,"href":"https:\/\/homix-ks.com\/en\/wp-json\/wp\/v2\/product\/4456\/revisions"}],"predecessor-version":[{"id":4459,"href":"https:\/\/homix-ks.com\/en\/wp-json\/wp\/v2\/product\/4456\/revisions\/4459"}],"wp:featuredmedia":[{"embeddable":true,"href":"https:\/\/homix-ks.com\/en\/wp-json\/wp\/v2\/media\/5195"}],"wp:attachment":[{"href":"https:\/\/homix-ks.com\/en\/wp-json\/wp\/v2\/media?parent=4456"}],"wp:term":[{"taxonomy":"brand","embeddable":true,"href":"https:\/\/homix-ks.com\/en\/wp-json\/wp\/v2\/etheme_brands?post=4456"},{"taxonomy":"product_brand","embeddable":true,"href":"https:\/\/homix-ks.com\/en\/wp-json\/wp\/v2\/product_brand?post=4456"},{"taxonomy":"product_cat","embeddable":true,"href":"https:\/\/homix-ks.com\/en\/wp-json\/wp\/v2\/product_cat?post=4456"},{"taxonomy":"product_tag","embeddable":true,"href":"https:\/\/homix-ks.com\/en\/wp-json\/wp\/v2\/product_tag?post=4456"}],"curies":[{"name":"wp","href":"https:\/\/api.w.org\/{rel}","templated":true}]}}