{"id":4453,"date":"2025-09-30T13:21:34","date_gmt":"2025-09-30T13:21:34","guid":{"rendered":"https:\/\/homix-ks.com\/?post_type=product&#038;p=4453"},"modified":"2025-11-22T15:22:40","modified_gmt":"2025-11-22T15:22:40","slug":"dessini-ds%e2%80%911099-hekur-me-avull-me-gjenerator-2600w","status":"publish","type":"product","link":"https:\/\/homix-ks.com\/en\/product\/dessini-ds%e2%80%911099-hekur-me-avull-me-gjenerator-2600w\/","title":{"rendered":"Hekur me Avull me Gjenerator 2600W \u2013 Dessini DS\u20111099"},"content":{"rendered":"<p data-start=\"632\" data-end=\"672\">Specifikat:<\/p>\n<ul data-start=\"674\" data-end=\"1131\">\n<li data-start=\"674\" data-end=\"715\">\n<p data-start=\"676\" data-end=\"715\"><strong data-start=\"676\" data-end=\"686\">Lloji:<\/strong> Hekur me gjenerator avulli<\/p>\n<\/li>\n<li data-start=\"674\" data-end=\"715\"><strong>Modeli:<\/strong> DS-1099<\/li>\n<li data-start=\"716\" data-end=\"737\">\n<p data-start=\"718\" data-end=\"737\"><strong data-start=\"718\" data-end=\"728\">Fuqia:<\/strong> 2600\u202fW<\/p>\n<\/li>\n<li data-start=\"738\" data-end=\"771\">\n<p data-start=\"740\" data-end=\"771\"><strong data-start=\"740\" data-end=\"763\">Presioni i avullit:<\/strong> 3 bar<\/p>\n<\/li>\n<li data-start=\"772\" data-end=\"805\">\n<p data-start=\"774\" data-end=\"805\"><strong data-start=\"774\" data-end=\"794\">Sasia e avullit:<\/strong> 40\u202fg\/min<\/p>\n<\/li>\n<li data-start=\"806\" data-end=\"853\">\n<p data-start=\"808\" data-end=\"853\"><strong data-start=\"808\" data-end=\"843\">Kapaciteti i depozit\u00ebs s\u00eb ujit:<\/strong> 1500\u202fml<\/p>\n<\/li>\n<li data-start=\"854\" data-end=\"891\">\n<p data-start=\"856\" data-end=\"891\"><strong data-start=\"856\" data-end=\"880\">Materiali i pllakes:<\/strong> Qeramik\u00eb<\/p>\n<\/li>\n<li data-start=\"892\" data-end=\"918\">\n<p data-start=\"894\" data-end=\"918\"><strong data-start=\"894\" data-end=\"913\">Avull vertikal:<\/strong> Po<\/p>\n<\/li>\n<li data-start=\"919\" data-end=\"950\">\n<p data-start=\"921\" data-end=\"950\"><strong data-start=\"921\" data-end=\"945\">Rregullim i avullit:<\/strong> Po<\/p>\n<\/li>\n<li data-start=\"951\" data-end=\"988\">\n<p data-start=\"953\" data-end=\"988\"><strong data-start=\"953\" data-end=\"983\">Funksion fikje automatike:<\/strong> Po<\/p>\n<\/li>\n<\/ul>","protected":false},"excerpt":{"rendered":"<p><strong data-start=\"200\" data-end=\"219\">Dessini DS\u20111099<\/strong> \u00ebsht\u00eb nj\u00eb hekur me gjenerator avulli, i fuqish\u00ebm dhe i p\u00ebrshtatsh\u00ebm p\u00ebr p\u00ebrdorim t\u00eb p\u00ebrditsh\u00ebm ose intensiv. Me <strong data-start=\"332\" data-end=\"346\">fuqi 2600W<\/strong>, <strong data-start=\"348\" data-end=\"375\">rezervuar uji 1.5 litra<\/strong>, dhe presion avulli deri n\u00eb <strong data-start=\"404\" data-end=\"413\">5 bar<\/strong>, ofron performanc\u00eb t\u00eb lart\u00eb n\u00eb hekurosje profesionale.<\/p>","protected":false},"featured_media":5296,"comment_status":"open","ping_status":"closed","template":"","meta":{"_eb_attr":"","content-type":""},"etheme_brands":[],"product_brand":[78],"product_cat":[72],"product_tag":[],"class_list":{"0":"post-4453","1":"product","2":"type-product","3":"status-publish","4":"has-post-thumbnail","6":"product_brand-dessini","7":"product_cat-pajisje-per-shtepi","9":"first","10":"instock","11":"sale","12":"shipping-taxable","13":"purchasable","14":"product-type-simple"},"_links":{"self":[{"href":"https:\/\/homix-ks.com\/en\/wp-json\/wp\/v2\/product\/4453","targetHints":{"allow":["GET"]}}],"collection":[{"href":"https:\/\/homix-ks.com\/en\/wp-json\/wp\/v2\/product"}],"about":[{"href":"https:\/\/homix-ks.com\/en\/wp-json\/wp\/v2\/types\/product"}],"replies":[{"embeddable":true,"href":"https:\/\/homix-ks.com\/en\/wp-json\/wp\/v2\/comments?post=4453"}],"version-history":[{"count":3,"href":"https:\/\/homix-ks.com\/en\/wp-json\/wp\/v2\/product\/4453\/revisions"}],"predecessor-version":[{"id":4683,"href":"https:\/\/homix-ks.com\/en\/wp-json\/wp\/v2\/product\/4453\/revisions\/4683"}],"wp:featuredmedia":[{"embeddable":true,"href":"https:\/\/homix-ks.com\/en\/wp-json\/wp\/v2\/media\/5296"}],"wp:attachment":[{"href":"https:\/\/homix-ks.com\/en\/wp-json\/wp\/v2\/media?parent=4453"}],"wp:term":[{"taxonomy":"brand","embeddable":true,"href":"https:\/\/homix-ks.com\/en\/wp-json\/wp\/v2\/etheme_brands?post=4453"},{"taxonomy":"product_brand","embeddable":true,"href":"https:\/\/homix-ks.com\/en\/wp-json\/wp\/v2\/product_brand?post=4453"},{"taxonomy":"product_cat","embeddable":true,"href":"https:\/\/homix-ks.com\/en\/wp-json\/wp\/v2\/product_cat?post=4453"},{"taxonomy":"product_tag","embeddable":true,"href":"https:\/\/homix-ks.com\/en\/wp-json\/wp\/v2\/product_tag?post=4453"}],"curies":[{"name":"wp","href":"https:\/\/api.w.org\/{rel}","templated":true}]}}