{"id":4450,"date":"2025-09-30T13:08:51","date_gmt":"2025-09-30T13:08:51","guid":{"rendered":"https:\/\/homix-ks.com\/?post_type=product&#038;p=4450"},"modified":"2026-04-16T14:49:27","modified_gmt":"2026-04-16T14:49:27","slug":"dessini-ds%e2%80%91888-hekur-me-avull","status":"publish","type":"product","link":"https:\/\/homix-ks.com\/en\/product\/dessini-ds%e2%80%91888-hekur-me-avull\/","title":{"rendered":"Hekur me Avull &#8211; Dessini DS\u2011888"},"content":{"rendered":"<p data-start=\"596\" data-end=\"643\">Specifikat:<\/p>\n<ul data-start=\"645\" data-end=\"1068\">\n<li data-start=\"645\" data-end=\"667\">\n<p data-start=\"647\" data-end=\"667\"><strong data-start=\"647\" data-end=\"658\">Modeli:<\/strong> DS\u2011888<\/p>\n<\/li>\n<li data-start=\"668\" data-end=\"689\">\n<p data-start=\"670\" data-end=\"689\"><strong data-start=\"670\" data-end=\"680\">Fuqia:<\/strong> 2600\u202fW<\/p>\n<\/li>\n<li data-start=\"690\" data-end=\"721\">\n<p data-start=\"692\" data-end=\"721\"><strong data-start=\"692\" data-end=\"705\">Tensioni:<\/strong> 230\u202fV ~ 50\u202fHz<\/p>\n<\/li>\n<li data-start=\"722\" data-end=\"745\">\n<p data-start=\"724\" data-end=\"745\"><strong data-start=\"724\" data-end=\"734\">Taban:<\/strong> Qeramik\u00eb<\/p>\n<\/li>\n<li data-start=\"746\" data-end=\"798\">\n<p data-start=\"748\" data-end=\"798\"><strong data-start=\"748\" data-end=\"759\">Ngjyra:<\/strong> Lejla<\/p>\n<\/li>\n<li data-start=\"799\" data-end=\"835\">\n<p data-start=\"801\" data-end=\"835\"><strong data-start=\"801\" data-end=\"830\">Funksion avulli vertikal:<\/strong> Po<\/p>\n<\/li>\n<li data-start=\"836\" data-end=\"878\">\n<p data-start=\"838\" data-end=\"878\"><strong data-start=\"838\" data-end=\"873\">P\u00ebrshp\u00ebrthim i fuqish\u00ebm avulli:<\/strong> Po<\/p>\n<\/li>\n<li data-start=\"879\" data-end=\"925\">\n<p data-start=\"881\" data-end=\"925\"><strong data-start=\"881\" data-end=\"920\">Kontroll i rregulluesh\u00ebm i avullit:<\/strong> Po<\/p>\n<\/li>\n<li data-start=\"926\" data-end=\"975\">\n<p data-start=\"928\" data-end=\"975\"><strong data-start=\"928\" data-end=\"970\">Funksion vet\u00ebpastrimi (Self-cleaning):<\/strong> Po<\/p>\n<\/li>\n<li data-start=\"976\" data-end=\"1021\">\n<p data-start=\"978\" data-end=\"1021\"><strong data-start=\"978\" data-end=\"1016\">Funksion anti-g\u00eblqere (Anti-calc):<\/strong> Po<\/p>\n<\/li>\n<li data-start=\"1022\" data-end=\"1068\">\n<p data-start=\"1024\" data-end=\"1068\"><strong data-start=\"1024\" data-end=\"1045\">Fikje automatike:<\/strong> Po \u2013 p\u00ebr siguri shtes\u00eb<\/p>\n<\/li>\n<\/ul>","protected":false},"excerpt":{"rendered":"<p><strong data-start=\"190\" data-end=\"208\">Dessini DS\u2011888<\/strong> \u00ebsht\u00eb nj\u00eb hekur me avull i fuqish\u00ebm dhe modern, i pajisur me <strong data-start=\"270\" data-end=\"288\">pllake qeramike<\/strong>, sistem <strong data-start=\"297\" data-end=\"313\">vet\u00ebpastrimi<\/strong>, avull vertikal dhe funksione t\u00eb avancuara p\u00ebr pastrim dhe mbrojtje nga g\u00eblqerorja. Me nj\u00eb <strong data-start=\"405\" data-end=\"424\">fuqi prej 2600W<\/strong>, ofron performanc\u00eb t\u00eb lart\u00eb p\u00ebr hekurosje t\u00eb shpejt\u00eb dhe efektive n\u00eb \u00e7do lloj p\u00eblhure.<\/p>","protected":false},"featured_media":5269,"comment_status":"open","ping_status":"closed","template":"","meta":{"_eb_attr":"","content-type":""},"etheme_brands":[],"product_brand":[78],"product_cat":[72],"product_tag":[],"class_list":{"0":"post-4450","1":"product","2":"type-product","3":"status-publish","4":"has-post-thumbnail","6":"product_brand-dessini","7":"product_cat-pajisje-per-shtepi","9":"first","10":"instock","11":"sale","12":"shipping-taxable","13":"purchasable","14":"product-type-simple"},"_links":{"self":[{"href":"https:\/\/homix-ks.com\/en\/wp-json\/wp\/v2\/product\/4450","targetHints":{"allow":["GET"]}}],"collection":[{"href":"https:\/\/homix-ks.com\/en\/wp-json\/wp\/v2\/product"}],"about":[{"href":"https:\/\/homix-ks.com\/en\/wp-json\/wp\/v2\/types\/product"}],"replies":[{"embeddable":true,"href":"https:\/\/homix-ks.com\/en\/wp-json\/wp\/v2\/comments?post=4450"}],"version-history":[{"count":3,"href":"https:\/\/homix-ks.com\/en\/wp-json\/wp\/v2\/product\/4450\/revisions"}],"predecessor-version":[{"id":4639,"href":"https:\/\/homix-ks.com\/en\/wp-json\/wp\/v2\/product\/4450\/revisions\/4639"}],"wp:featuredmedia":[{"embeddable":true,"href":"https:\/\/homix-ks.com\/en\/wp-json\/wp\/v2\/media\/5269"}],"wp:attachment":[{"href":"https:\/\/homix-ks.com\/en\/wp-json\/wp\/v2\/media?parent=4450"}],"wp:term":[{"taxonomy":"brand","embeddable":true,"href":"https:\/\/homix-ks.com\/en\/wp-json\/wp\/v2\/etheme_brands?post=4450"},{"taxonomy":"product_brand","embeddable":true,"href":"https:\/\/homix-ks.com\/en\/wp-json\/wp\/v2\/product_brand?post=4450"},{"taxonomy":"product_cat","embeddable":true,"href":"https:\/\/homix-ks.com\/en\/wp-json\/wp\/v2\/product_cat?post=4450"},{"taxonomy":"product_tag","embeddable":true,"href":"https:\/\/homix-ks.com\/en\/wp-json\/wp\/v2\/product_tag?post=4450"}],"curies":[{"name":"wp","href":"https:\/\/api.w.org\/{rel}","templated":true}]}}