{"id":4446,"date":"2025-09-30T13:01:58","date_gmt":"2025-09-30T13:01:58","guid":{"rendered":"https:\/\/homix-ks.com\/?post_type=product&#038;p=4446"},"modified":"2025-11-12T10:24:11","modified_gmt":"2025-11-12T10:24:11","slug":"dessini-ds%e2%80%91887-hekur-me-avull-premium","status":"publish","type":"product","link":"https:\/\/homix-ks.com\/en\/product\/dessini-ds%e2%80%91887-hekur-me-avull-premium\/","title":{"rendered":"Hekur me Avull \u2013  Dessini DS\u2011887"},"content":{"rendered":"<h3 data-start=\"91\" data-end=\"137\"><strong data-start=\"97\" data-end=\"137\">Specifikat:<\/strong><\/h3>\n<ul data-start=\"139\" data-end=\"694\">\n<li data-start=\"139\" data-end=\"178\">\n<p data-start=\"141\" data-end=\"178\"><strong data-start=\"141\" data-end=\"151\">Lloji:<\/strong> Hekur me avull p\u00ebr rroba<\/p>\n<\/li>\n<li data-start=\"139\" data-end=\"178\"><strong>Modeli:\u00a0<\/strong> DS-887<\/li>\n<li data-start=\"139\" data-end=\"178\"><strong>Fuqia:\u00a0<\/strong>2600W<\/li>\n<li data-start=\"139\" data-end=\"178\"><strong>Tensioni: <\/strong>220-240V\/ 50-60 Hz<\/li>\n<li data-start=\"139\" data-end=\"178\"><strong>Gjatesia e kabllos:<\/strong> 1.5m<\/li>\n<li data-start=\"139\" data-end=\"178\"><strong data-start=\"181\" data-end=\"191\">Pllaka:<\/strong> Qeramik<\/li>\n<li data-start=\"139\" data-end=\"178\"><strong data-start=\"227\" data-end=\"249\">Ngrohje e shpejt\u00eb:<\/strong> Gati p\u00ebr p\u00ebrdorim n\u00eb &lt;15 sekonda<\/li>\n<li data-start=\"139\" data-end=\"178\"><strong data-start=\"287\" data-end=\"304\">Depozit\u00eb uji:<\/strong> Gjysm\u00eb-transparente, me <strong data-start=\"329\" data-end=\"357\">kapak gome anti-rrjedhje<\/strong><\/li>\n<li data-start=\"139\" data-end=\"178\"><strong data-start=\"362\" data-end=\"388\">Rregullim temperature:<\/strong> Po \u2013 p\u00ebr p\u00eblhura t\u00eb ndryshme<\/li>\n<li data-start=\"139\" data-end=\"178\"><strong data-start=\"422\" data-end=\"443\">Fikje automatike<\/strong><\/li>\n<li data-start=\"139\" data-end=\"178\"><strong data-start=\"544\" data-end=\"576\">P\u00ebrdorim i p\u00ebrshtatsh\u00ebm p\u00ebr:<\/strong>\n<ul data-start=\"581\" data-end=\"628\">\n<li data-start=\"581\" data-end=\"628\">\n<p data-start=\"583\" data-end=\"628\">Pambuk, m\u00ebndafsh, lesh, najlon, kadife etj.<\/p>\n<\/li>\n<\/ul>\n<\/li>\n<li data-start=\"629\" data-end=\"694\">\n<p data-start=\"631\" data-end=\"694\"><strong data-start=\"631\" data-end=\"642\">Dizajn:<\/strong> Kompakt, praktik dhe i leht\u00eb p\u00ebr p\u00ebrdorim n\u00eb sht\u00ebpi<\/p>\n<\/li>\n<\/ul>","protected":false},"excerpt":{"rendered":"<p><strong data-start=\"196\" data-end=\"214\">Dessini DS\u2011887<\/strong> \u00ebsht\u00eb nj\u00eb hekur me avull i performanc\u00ebs s\u00eb lart\u00eb, i pajisur me pllake<strong data-start=\"278\" data-end=\"304\">\u00a0qeramike cil\u00ebsore<\/strong> dhe dalje shum\u00ebpik\u00ebshe avulli p\u00ebr shp\u00ebrndarje efikase. Ngrohet shum\u00eb shpejt \u2013 <strong data-start=\"383\" data-end=\"428\">gati p\u00ebr p\u00ebrdorim n\u00eb m\u00eb pak se 15 sekonda<\/strong>, duke hequr rrudhat me efikasitet dhe pa d\u00ebmtuar rrobat.<\/p>","protected":false},"featured_media":5299,"comment_status":"open","ping_status":"closed","template":"","meta":{"_eb_attr":"","content-type":""},"etheme_brands":[],"product_brand":[78],"product_cat":[72],"product_tag":[],"class_list":{"0":"post-4446","1":"product","2":"type-product","3":"status-publish","4":"has-post-thumbnail","6":"product_brand-dessini","7":"product_cat-pajisje-per-shtepi","9":"first","10":"instock","11":"sale","12":"shipping-taxable","13":"purchasable","14":"product-type-simple"},"_links":{"self":[{"href":"https:\/\/homix-ks.com\/en\/wp-json\/wp\/v2\/product\/4446","targetHints":{"allow":["GET"]}}],"collection":[{"href":"https:\/\/homix-ks.com\/en\/wp-json\/wp\/v2\/product"}],"about":[{"href":"https:\/\/homix-ks.com\/en\/wp-json\/wp\/v2\/types\/product"}],"replies":[{"embeddable":true,"href":"https:\/\/homix-ks.com\/en\/wp-json\/wp\/v2\/comments?post=4446"}],"version-history":[{"count":3,"href":"https:\/\/homix-ks.com\/en\/wp-json\/wp\/v2\/product\/4446\/revisions"}],"predecessor-version":[{"id":4691,"href":"https:\/\/homix-ks.com\/en\/wp-json\/wp\/v2\/product\/4446\/revisions\/4691"}],"wp:featuredmedia":[{"embeddable":true,"href":"https:\/\/homix-ks.com\/en\/wp-json\/wp\/v2\/media\/5299"}],"wp:attachment":[{"href":"https:\/\/homix-ks.com\/en\/wp-json\/wp\/v2\/media?parent=4446"}],"wp:term":[{"taxonomy":"brand","embeddable":true,"href":"https:\/\/homix-ks.com\/en\/wp-json\/wp\/v2\/etheme_brands?post=4446"},{"taxonomy":"product_brand","embeddable":true,"href":"https:\/\/homix-ks.com\/en\/wp-json\/wp\/v2\/product_brand?post=4446"},{"taxonomy":"product_cat","embeddable":true,"href":"https:\/\/homix-ks.com\/en\/wp-json\/wp\/v2\/product_cat?post=4446"},{"taxonomy":"product_tag","embeddable":true,"href":"https:\/\/homix-ks.com\/en\/wp-json\/wp\/v2\/product_tag?post=4446"}],"curies":[{"name":"wp","href":"https:\/\/api.w.org\/{rel}","templated":true}]}}