{"id":4439,"date":"2025-09-30T12:24:47","date_gmt":"2025-09-30T12:24:47","guid":{"rendered":"https:\/\/homix-ks.com\/?post_type=product&#038;p=4439"},"modified":"2025-11-13T18:50:34","modified_gmt":"2025-11-13T18:50:34","slug":"hoffmans-hm%e2%80%919088-pastruese-elektrike-me-thithje-te-fuqishme-per-heqje-te-lehte-te-njollave","status":"publish","type":"product","link":"https:\/\/homix-ks.com\/en\/product\/hoffmans-hm%e2%80%919088-pastruese-elektrike-me-thithje-te-fuqishme-per-heqje-te-lehte-te-njollave\/","title":{"rendered":"Pastrues Njollash p\u00ebr Tepih\u00eb dhe Divane &#8211; Hoffmans HM\u20119088"},"content":{"rendered":"<p>Specifikat:<\/p>\n<ul>\n<li data-start=\"1661\" data-end=\"1693\">\n<p data-start=\"1663\" data-end=\"1693\"><strong data-start=\"1663\" data-end=\"1674\">Modeli:<\/strong> Hoffmans HM\u20119088<\/p>\n<\/li>\n<li data-start=\"1694\" data-end=\"1762\">\n<p data-start=\"1696\" data-end=\"1762\"><strong data-start=\"1696\" data-end=\"1706\">Lloji:<\/strong> Pastrues me avull \/ lag\u00ebshti p\u00ebr tapete dhe sip\u00ebrfaqe<\/p>\n<\/li>\n<li data-start=\"1763\" data-end=\"1783\">\n<p data-start=\"1765\" data-end=\"1783\"><strong data-start=\"1765\" data-end=\"1775\">Fuqia:<\/strong> 800\u202fW<\/p>\n<\/li>\n<li data-start=\"1784\" data-end=\"1807\">\n<p data-start=\"1786\" data-end=\"1807\"><strong data-start=\"1786\" data-end=\"1798\">Thithje:<\/strong> 16\u202fkPa<\/p>\n<\/li>\n<li data-start=\"1808\" data-end=\"1844\">\n<p data-start=\"1810\" data-end=\"1844\"><strong data-start=\"1810\" data-end=\"1836\">Depozit\u00eb uji i past\u00ebr:<\/strong> 1.9\u202fL<\/p>\n<\/li>\n<li data-start=\"1845\" data-end=\"1881\">\n<p data-start=\"1847\" data-end=\"1881\"><strong data-start=\"1847\" data-end=\"1873\">Depozit\u00eb uji i ndotur:<\/strong> 1.2\u202fL<\/p>\n<\/li>\n<li data-start=\"1882\" data-end=\"1917\">\n<p data-start=\"1884\" data-end=\"1917\"><strong data-start=\"1884\" data-end=\"1897\">Tensioni:<\/strong> 220\u2013240\u202fV ~ 50\u202fHz<\/p>\n<\/li>\n<\/ul>","protected":false},"excerpt":{"rendered":"<p>Elimino njollat m\u00eb t\u00eb v\u00ebshtira me <strong data-start=\"309\" data-end=\"329\">Hoffmans HM\u20119088<\/strong>, pastruesi portativ me performanc\u00eb t\u00eb lart\u00eb p\u00ebr tapete, divane, shkall\u00eb, sedilje makinash dhe m\u00eb shum\u00eb. Me motor t\u00eb fuqish\u00ebm <strong data-start=\"455\" data-end=\"464\">800\u202fW<\/strong> dhe teknologji t\u00eb avancuar pastrimi me uj\u00eb, ky pajisje ofron rezultate profesionale n\u00eb rehati t\u00eb sht\u00ebpis\u00eb tuaj.<\/p>","protected":false},"featured_media":4757,"comment_status":"open","ping_status":"closed","template":"","meta":{"_eb_attr":"","content-type":""},"etheme_brands":[],"product_brand":[75],"product_cat":[92,74],"product_tag":[],"class_list":{"0":"post-4439","1":"product","2":"type-product","3":"status-publish","4":"has-post-thumbnail","6":"product_brand-hoffmans","7":"product_cat-hapja-e-madhe","8":"product_cat-pajisje-pastrimi","10":"first","11":"instock","12":"sale","13":"shipping-taxable","14":"purchasable","15":"product-type-simple"},"_links":{"self":[{"href":"https:\/\/homix-ks.com\/en\/wp-json\/wp\/v2\/product\/4439","targetHints":{"allow":["GET"]}}],"collection":[{"href":"https:\/\/homix-ks.com\/en\/wp-json\/wp\/v2\/product"}],"about":[{"href":"https:\/\/homix-ks.com\/en\/wp-json\/wp\/v2\/types\/product"}],"replies":[{"embeddable":true,"href":"https:\/\/homix-ks.com\/en\/wp-json\/wp\/v2\/comments?post=4439"}],"version-history":[{"count":3,"href":"https:\/\/homix-ks.com\/en\/wp-json\/wp\/v2\/product\/4439\/revisions"}],"predecessor-version":[{"id":4445,"href":"https:\/\/homix-ks.com\/en\/wp-json\/wp\/v2\/product\/4439\/revisions\/4445"}],"wp:featuredmedia":[{"embeddable":true,"href":"https:\/\/homix-ks.com\/en\/wp-json\/wp\/v2\/media\/4757"}],"wp:attachment":[{"href":"https:\/\/homix-ks.com\/en\/wp-json\/wp\/v2\/media?parent=4439"}],"wp:term":[{"taxonomy":"brand","embeddable":true,"href":"https:\/\/homix-ks.com\/en\/wp-json\/wp\/v2\/etheme_brands?post=4439"},{"taxonomy":"product_brand","embeddable":true,"href":"https:\/\/homix-ks.com\/en\/wp-json\/wp\/v2\/product_brand?post=4439"},{"taxonomy":"product_cat","embeddable":true,"href":"https:\/\/homix-ks.com\/en\/wp-json\/wp\/v2\/product_cat?post=4439"},{"taxonomy":"product_tag","embeddable":true,"href":"https:\/\/homix-ks.com\/en\/wp-json\/wp\/v2\/product_tag?post=4439"}],"curies":[{"name":"wp","href":"https:\/\/api.w.org\/{rel}","templated":true}]}}