{"id":4429,"date":"2025-09-30T11:54:10","date_gmt":"2025-09-30T11:54:10","guid":{"rendered":"https:\/\/homix-ks.com\/?post_type=product&#038;p=4429"},"modified":"2025-11-12T10:25:30","modified_gmt":"2025-11-12T10:25:30","slug":"hoffmans-hm%e2%80%911818-cajnik-elektrik","status":"publish","type":"product","link":"https:\/\/homix-ks.com\/en\/product\/hoffmans-hm%e2%80%911818-cajnik-elektrik\/","title":{"rendered":"Vluese Uji &#8211; Hoffmans HM\u20111818"},"content":{"rendered":"<h3 data-start=\"460\" data-end=\"489\">Specifikat:<\/h3>\n<ul data-start=\"490\" data-end=\"724\">\n<li><strong>Modeli:\u00a0<\/strong>HM-1818<\/li>\n<li><strong data-start=\"516\" data-end=\"526\">Lloji:<\/strong> Vluese Uji<\/li>\n<li data-start=\"545\" data-end=\"566\">\n<p data-start=\"547\" data-end=\"566\"><strong data-start=\"547\" data-end=\"557\">Fuqia:<\/strong> 1800W<\/p>\n<\/li>\n<li data-start=\"567\" data-end=\"596\">\n<p data-start=\"569\" data-end=\"596\"><strong data-start=\"569\" data-end=\"584\">Kapaciteti:<\/strong> 2.0 litra<\/p>\n<\/li>\n<li data-start=\"597\" data-end=\"637\">\n<p data-start=\"599\" data-end=\"637\"><strong data-start=\"599\" data-end=\"619\">Element ngroh\u00ebs:<\/strong> \u00c7elik rezistent<\/p>\n<\/li>\n<li data-start=\"698\" data-end=\"724\">\n<p data-start=\"700\" data-end=\"724\"><strong data-start=\"700\" data-end=\"721\">Fikje automatike<\/strong><\/p>\n<\/li>\n<\/ul>","protected":false},"excerpt":{"rendered":"<p>Me <strong data-start=\"183\" data-end=\"198\">fuqi 2000\u202fW<\/strong> dhe <strong data-start=\"203\" data-end=\"226\">kapacitet 2.0 litra<\/strong>, ky \u00e7ajnik \u00ebsht\u00eb zgjidhja ideale p\u00ebr zierje t\u00eb shpejt\u00eb t\u00eb ujit. Ka <strong data-start=\"331\" data-end=\"352\">rezistenc\u00eb \u00e7eliku<\/strong>, dhe <strong data-start=\"358\" data-end=\"387\">sensor p\u00ebr nivelin e ujit<\/strong>. Aktivizohet me nj\u00eb prekje dhe fiket automatikisht sapo uji vlon.<\/p>","protected":false},"featured_media":5301,"comment_status":"open","ping_status":"closed","template":"","meta":{"_eb_attr":"","content-type":""},"etheme_brands":[],"product_brand":[75],"product_cat":[73],"product_tag":[],"class_list":{"0":"post-4429","1":"product","2":"type-product","3":"status-publish","4":"has-post-thumbnail","6":"product_brand-hoffmans","7":"product_cat-pajisje-kuzhine","9":"first","10":"instock","11":"sale","12":"shipping-taxable","13":"purchasable","14":"product-type-simple"},"_links":{"self":[{"href":"https:\/\/homix-ks.com\/en\/wp-json\/wp\/v2\/product\/4429","targetHints":{"allow":["GET"]}}],"collection":[{"href":"https:\/\/homix-ks.com\/en\/wp-json\/wp\/v2\/product"}],"about":[{"href":"https:\/\/homix-ks.com\/en\/wp-json\/wp\/v2\/types\/product"}],"replies":[{"embeddable":true,"href":"https:\/\/homix-ks.com\/en\/wp-json\/wp\/v2\/comments?post=4429"}],"version-history":[{"count":5,"href":"https:\/\/homix-ks.com\/en\/wp-json\/wp\/v2\/product\/4429\/revisions"}],"predecessor-version":[{"id":4772,"href":"https:\/\/homix-ks.com\/en\/wp-json\/wp\/v2\/product\/4429\/revisions\/4772"}],"wp:featuredmedia":[{"embeddable":true,"href":"https:\/\/homix-ks.com\/en\/wp-json\/wp\/v2\/media\/5301"}],"wp:attachment":[{"href":"https:\/\/homix-ks.com\/en\/wp-json\/wp\/v2\/media?parent=4429"}],"wp:term":[{"taxonomy":"brand","embeddable":true,"href":"https:\/\/homix-ks.com\/en\/wp-json\/wp\/v2\/etheme_brands?post=4429"},{"taxonomy":"product_brand","embeddable":true,"href":"https:\/\/homix-ks.com\/en\/wp-json\/wp\/v2\/product_brand?post=4429"},{"taxonomy":"product_cat","embeddable":true,"href":"https:\/\/homix-ks.com\/en\/wp-json\/wp\/v2\/product_cat?post=4429"},{"taxonomy":"product_tag","embeddable":true,"href":"https:\/\/homix-ks.com\/en\/wp-json\/wp\/v2\/product_tag?post=4429"}],"curies":[{"name":"wp","href":"https:\/\/api.w.org\/{rel}","templated":true}]}}