{"id":4374,"date":"2025-09-22T16:28:29","date_gmt":"2025-09-22T16:28:29","guid":{"rendered":"https:\/\/homix-ks.com\/?post_type=product&#038;p=4374"},"modified":"2025-11-22T15:21:42","modified_gmt":"2025-11-22T15:21:42","slug":"hoffmans-hm-752-furre-elektrike-55l","status":"publish","type":"product","link":"https:\/\/homix-ks.com\/en\/product\/hoffmans-hm-752-furre-elektrike-55l\/","title":{"rendered":"HOFFMANS HM-752 Furr\u00eb Elektrike 55L"},"content":{"rendered":"<p data-start=\"123\" data-end=\"154\">Specifikat:<\/p>\n<ul data-start=\"156\" data-end=\"652\">\n<li data-start=\"156\" data-end=\"225\">\n<p data-start=\"158\" data-end=\"225\"><strong>Kapaciteti:<\/strong> <strong data-start=\"170\" data-end=\"182\">55 litra<\/strong>.<\/p>\n<\/li>\n<li data-start=\"226\" data-end=\"321\">\n<p data-start=\"228\" data-end=\"321\"><strong>Funksionet:<\/strong> e pjek, e skuq, grill dhe skar\u00eb \u2014 p\u00ebr gatime t\u00eb larmishme (bake, roast, grill).<\/p>\n<\/li>\n<li data-start=\"322\" data-end=\"411\">\n<p data-start=\"324\" data-end=\"411\">Ngrohje \u201cdouble sided\u201d (n\u00eb t\u00eb dyja an\u00ebt), p\u00ebr shp\u00ebrndarje t\u00eb barabart\u00eb t\u00eb nxeht\u00ebsis\u00eb.<\/p>\n<\/li>\n<li data-start=\"412\" data-end=\"477\">\n<p data-start=\"414\" data-end=\"477\"><strong>Kontroll i koh\u00ebs:<\/strong> <strong data-start=\"432\" data-end=\"441\">timer<\/strong> i integruar p\u00ebr fikje automatike.<\/p>\n<\/li>\n<li data-start=\"478\" data-end=\"563\">\n<p data-start=\"480\" data-end=\"563\"><strong>Rregullim i temperatur\u00ebs:<\/strong> mund t\u00eb p\u00ebrshtas\u00ebsh nivelin e nxeht\u00ebsis\u00eb sipas nevoj\u00ebs.<\/p>\n<\/li>\n<li data-start=\"564\" data-end=\"596\">\n<p data-start=\"566\" data-end=\"596\"><strong>Fuqia e em\u00ebrtuar:<\/strong> 2000 W<\/p>\n<\/li>\n<li data-start=\"597\" data-end=\"652\">\n<p data-start=\"599\" data-end=\"652\"><strong>Tensioni i pun\u00ebs:<\/strong>220\u2011240 V, <strong>frekuenca:<\/strong> 50 Hz<\/p>\n<\/li>\n<\/ul>","protected":false},"excerpt":{"rendered":"<p><strong data-start=\"71\" data-end=\"104\">Furra Elektrike HM\u2011752 (55\u202fL)<\/strong> me fuqi 2000\u202fW ofron funksione pjekjeje, skuqjeje dhe grill. Me ngrohje n\u00eb t\u00eb dyja an\u00ebt, rregullim temperature dhe timer, \u00ebsht\u00eb ideale p\u00ebr gatim t\u00eb shpejt\u00eb dhe efikas n\u00eb sht\u00ebpi.<\/p>","protected":false},"featured_media":5331,"comment_status":"open","ping_status":"closed","template":"","meta":{"_eb_attr":"","content-type":""},"etheme_brands":[],"product_brand":[75],"product_cat":[92,73],"product_tag":[],"class_list":{"0":"post-4374","1":"product","2":"type-product","3":"status-publish","4":"has-post-thumbnail","6":"product_brand-hoffmans","7":"product_cat-hapja-e-madhe","8":"product_cat-pajisje-kuzhine","10":"first","11":"instock","12":"sale","13":"shipping-taxable","14":"purchasable","15":"product-type-simple"},"_links":{"self":[{"href":"https:\/\/homix-ks.com\/en\/wp-json\/wp\/v2\/product\/4374","targetHints":{"allow":["GET"]}}],"collection":[{"href":"https:\/\/homix-ks.com\/en\/wp-json\/wp\/v2\/product"}],"about":[{"href":"https:\/\/homix-ks.com\/en\/wp-json\/wp\/v2\/types\/product"}],"replies":[{"embeddable":true,"href":"https:\/\/homix-ks.com\/en\/wp-json\/wp\/v2\/comments?post=4374"}],"version-history":[{"count":4,"href":"https:\/\/homix-ks.com\/en\/wp-json\/wp\/v2\/product\/4374\/revisions"}],"predecessor-version":[{"id":4414,"href":"https:\/\/homix-ks.com\/en\/wp-json\/wp\/v2\/product\/4374\/revisions\/4414"}],"wp:featuredmedia":[{"embeddable":true,"href":"https:\/\/homix-ks.com\/en\/wp-json\/wp\/v2\/media\/5331"}],"wp:attachment":[{"href":"https:\/\/homix-ks.com\/en\/wp-json\/wp\/v2\/media?parent=4374"}],"wp:term":[{"taxonomy":"brand","embeddable":true,"href":"https:\/\/homix-ks.com\/en\/wp-json\/wp\/v2\/etheme_brands?post=4374"},{"taxonomy":"product_brand","embeddable":true,"href":"https:\/\/homix-ks.com\/en\/wp-json\/wp\/v2\/product_brand?post=4374"},{"taxonomy":"product_cat","embeddable":true,"href":"https:\/\/homix-ks.com\/en\/wp-json\/wp\/v2\/product_cat?post=4374"},{"taxonomy":"product_tag","embeddable":true,"href":"https:\/\/homix-ks.com\/en\/wp-json\/wp\/v2\/product_tag?post=4374"}],"curies":[{"name":"wp","href":"https:\/\/api.w.org\/{rel}","templated":true}]}}