{"id":4373,"date":"2025-09-22T16:28:29","date_gmt":"2025-09-22T16:28:29","guid":{"rendered":"https:\/\/homix-ks.com\/?post_type=product&#038;p=4373"},"modified":"2026-01-05T14:23:02","modified_gmt":"2026-01-05T14:23:02","slug":"hoffmans-hm-8810-fshese-me-korrent","status":"publish","type":"product","link":"https:\/\/homix-ks.com\/en\/product\/hoffmans-hm-8810-fshese-me-korrent\/","title":{"rendered":"HOFFMANS HM-8810 Fshes\u00eb me Korrent"},"content":{"rendered":"<p>Specifikat<\/p>\n<ul>\n<li data-start=\"175\" data-end=\"234\">\n<p data-start=\"177\" data-end=\"234\"><strong>Fuqia:<\/strong> 1500 W<\/p>\n<\/li>\n<li data-start=\"235\" data-end=\"296\">\n<p data-start=\"237\" data-end=\"296\"><strong>Tensioni:<\/strong> 220 V<\/p>\n<\/li>\n<li data-start=\"297\" data-end=\"509\">\n<p data-start=\"299\" data-end=\"353\">Kat\u00ebr karakteristika shtes\u00eb:<\/p>\n<blockquote data-start=\"357\" data-end=\"509\">\n<p data-start=\"359\" data-end=\"509\"><span class=\"\" data-state=\"closed\"><span class=\"ms-1 inline-flex max-w-full items-center relative top-[-0.094rem] animate-[show_150ms_ease-in]\" data-testid=\"webpage-citation-pill\">Presioni i vakuumit 15\u202fkPa, <strong data-start=\"86\" data-end=\"133\">kapaciteti i kontejnerit t\u00eb pluhurit 500 ml<\/strong>, modalitet dore q\u00eb mund t\u00eb hiqet, <strong data-start=\"168\" data-end=\"201\">filtrim HEPA kund\u00ebr alergjive<\/strong>, <strong data-start=\"203\" data-end=\"258\">i leht\u00eb p\u00ebr manovrim (p\u00ebr t\u2019u drejtuar me leht\u00ebsi)\u201d<\/strong><br \/>\n<\/span><\/span>Lloji: me kab\u00ebll (corded) \u2014 nuk \u00ebsht\u00eb model me bateri<br \/>\nSub\u2010tipi: Fshes\u00eb Dore<\/p>\n<\/blockquote>\n<\/li>\n<\/ul>\n<p>Filtri: i pastruesh\u00ebm,<br \/>\nDizajni: kompakt, kabllo e gjat\u00eb<\/p>\n","protected":false},"excerpt":{"rendered":"<p><strong data-start=\"88\" data-end=\"131\">Fshesa me korrent dore Hoffmans HM\u20118810<\/strong> ofron fuqi mbi 1500\u202fW dhe teknologji filtri <strong data-start=\"176\" data-end=\"201\">HEPA kund\u00ebr alergjive<\/strong>. Me <strong data-start=\"206\" data-end=\"240\">presion thith\u00ebs deri n\u00eb 15\u202fkPa<\/strong> dhe depozit\u00eb pluhuri prej <strong data-start=\"267\" data-end=\"277\">500\u202fml<\/strong>, pastron n\u00eb m\u00ebnyr\u00eb efikase \u00e7do cep. Dizajni dore i shk\u00ebputsh\u00ebm dhe manovrimi i leht\u00eb e b\u00ebjn\u00eb ideale p\u00ebr p\u00ebrdorim t\u00eb p\u00ebrditsh\u00ebm.<\/p>","protected":false},"featured_media":5328,"comment_status":"open","ping_status":"closed","template":"","meta":{"_eb_attr":"","content-type":""},"etheme_brands":[],"product_brand":[75],"product_cat":[92,74],"product_tag":[],"class_list":{"0":"post-4373","1":"product","2":"type-product","3":"status-publish","4":"has-post-thumbnail","6":"product_brand-hoffmans","7":"product_cat-hapja-e-madhe","8":"product_cat-pajisje-pastrimi","10":"first","11":"outofstock","12":"sale","13":"shipping-taxable","14":"purchasable","15":"product-type-simple"},"_links":{"self":[{"href":"https:\/\/homix-ks.com\/en\/wp-json\/wp\/v2\/product\/4373","targetHints":{"allow":["GET"]}}],"collection":[{"href":"https:\/\/homix-ks.com\/en\/wp-json\/wp\/v2\/product"}],"about":[{"href":"https:\/\/homix-ks.com\/en\/wp-json\/wp\/v2\/types\/product"}],"replies":[{"embeddable":true,"href":"https:\/\/homix-ks.com\/en\/wp-json\/wp\/v2\/comments?post=4373"}],"version-history":[{"count":3,"href":"https:\/\/homix-ks.com\/en\/wp-json\/wp\/v2\/product\/4373\/revisions"}],"predecessor-version":[{"id":4412,"href":"https:\/\/homix-ks.com\/en\/wp-json\/wp\/v2\/product\/4373\/revisions\/4412"}],"wp:featuredmedia":[{"embeddable":true,"href":"https:\/\/homix-ks.com\/en\/wp-json\/wp\/v2\/media\/5328"}],"wp:attachment":[{"href":"https:\/\/homix-ks.com\/en\/wp-json\/wp\/v2\/media?parent=4373"}],"wp:term":[{"taxonomy":"brand","embeddable":true,"href":"https:\/\/homix-ks.com\/en\/wp-json\/wp\/v2\/etheme_brands?post=4373"},{"taxonomy":"product_brand","embeddable":true,"href":"https:\/\/homix-ks.com\/en\/wp-json\/wp\/v2\/product_brand?post=4373"},{"taxonomy":"product_cat","embeddable":true,"href":"https:\/\/homix-ks.com\/en\/wp-json\/wp\/v2\/product_cat?post=4373"},{"taxonomy":"product_tag","embeddable":true,"href":"https:\/\/homix-ks.com\/en\/wp-json\/wp\/v2\/product_tag?post=4373"}],"curies":[{"name":"wp","href":"https:\/\/api.w.org\/{rel}","templated":true}]}}