{"id":4371,"date":"2025-09-22T16:28:29","date_gmt":"2025-09-22T16:28:29","guid":{"rendered":"https:\/\/homix-ks.com\/?post_type=product&#038;p=4371"},"modified":"2026-01-29T09:42:27","modified_gmt":"2026-01-29T09:42:27","slug":"hoffmans-hm-775-friteze-me-ajer","status":"publish","type":"product","link":"https:\/\/homix-ks.com\/en\/product\/hoffmans-hm-775-friteze-me-ajer\/","title":{"rendered":"Fritez\u00eb me Aj\u00ebr &#8211; HOFFMANS HM-775"},"content":{"rendered":"<p>Specifikat:<\/p>\n<ul>\n<li data-start=\"60\" data-end=\"95\">\n<p data-start=\"62\" data-end=\"95\"><strong>Konsumi i energjis\u00eb:<\/strong> 2400 W<\/p>\n<\/li>\n<p>https:\/\/homix-ks.com\/wp-admin\/media-upload.php?post_id=4371&#038;type=image&#038;TB_iframe=1<\/p>\n<li data-start=\"126\" data-end=\"151\">\n<p data-start=\"128\" data-end=\"151\"><strong>Kapaciteti:<\/strong>\u00a07.5 L<\/p>\n<\/li>\n<li data-start=\"152\" data-end=\"188\">\n<p data-start=\"154\" data-end=\"188\"><strong>Lloji i kontrollit:<\/strong>\u00a0Digjital<\/p>\n<\/li>\n<li data-start=\"189\" data-end=\"217\">\n<p data-start=\"191\" data-end=\"217\"><strong>Ekrani:<\/strong>\u00a0Touch Screen<\/p>\n<\/li>\n<li data-start=\"263\" data-end=\"329\">\n<p data-start=\"265\" data-end=\"329\"><strong>Shtres\u00eb kund\u00ebr djegies (anti\u2011burn coating) n\u00eb tenxhere<\/strong><\/p>\n<\/li>\n<li data-start=\"330\" data-end=\"388\">\n<p data-start=\"332\" data-end=\"388\"><strong>Tav\u00eb\/pjatal\u00eb q\u00eb mund t\u00eb hiqet (removable tray)<\/strong><\/p>\n<\/li>\n<li data-start=\"389\" data-end=\"471\">\n<p data-start=\"391\" data-end=\"471\"><strong>Indikator\u00eb:<\/strong>\u00a0lidhje (\u201cConnection\u201d), ngrohje (\u201cWarm\u2011up\u201d), aktivitet (\u201cExercise\u201d)<\/p>\n<\/li>\n<li data-start=\"472\" data-end=\"493\">\n<p data-start=\"474\" data-end=\"493\"><strong>Termostat<\/strong><\/p>\n<\/li>\n<li data-start=\"559\" data-end=\"590\">\n<p data-start=\"561\" data-end=\"590\"><strong>Ngjyra:<\/strong>\u00a0E zez\u00eb<\/p>\n<\/li>\n<\/ul>","protected":false},"excerpt":{"rendered":"<p>Fritez\u00eb me aj\u00ebr me kontroll dixhital, p\u00ebr gatime t\u00eb sh\u00ebndetshme me pak ose aspak vaj.<\/p>","protected":false},"featured_media":5310,"comment_status":"open","ping_status":"closed","template":"","meta":{"_eb_attr":"","content-type":""},"etheme_brands":[],"product_brand":[75],"product_cat":[92,73],"product_tag":[],"class_list":{"0":"post-4371","1":"product","2":"type-product","3":"status-publish","4":"has-post-thumbnail","6":"product_brand-hoffmans","7":"product_cat-hapja-e-madhe","8":"product_cat-pajisje-kuzhine","10":"first","11":"outofstock","12":"sale","13":"shipping-taxable","14":"purchasable","15":"product-type-simple"},"_links":{"self":[{"href":"https:\/\/homix-ks.com\/en\/wp-json\/wp\/v2\/product\/4371","targetHints":{"allow":["GET"]}}],"collection":[{"href":"https:\/\/homix-ks.com\/en\/wp-json\/wp\/v2\/product"}],"about":[{"href":"https:\/\/homix-ks.com\/en\/wp-json\/wp\/v2\/types\/product"}],"replies":[{"embeddable":true,"href":"https:\/\/homix-ks.com\/en\/wp-json\/wp\/v2\/comments?post=4371"}],"version-history":[{"count":5,"href":"https:\/\/homix-ks.com\/en\/wp-json\/wp\/v2\/product\/4371\/revisions"}],"predecessor-version":[{"id":6700,"href":"https:\/\/homix-ks.com\/en\/wp-json\/wp\/v2\/product\/4371\/revisions\/6700"}],"wp:featuredmedia":[{"embeddable":true,"href":"https:\/\/homix-ks.com\/en\/wp-json\/wp\/v2\/media\/5310"}],"wp:attachment":[{"href":"https:\/\/homix-ks.com\/en\/wp-json\/wp\/v2\/media?parent=4371"}],"wp:term":[{"taxonomy":"brand","embeddable":true,"href":"https:\/\/homix-ks.com\/en\/wp-json\/wp\/v2\/etheme_brands?post=4371"},{"taxonomy":"product_brand","embeddable":true,"href":"https:\/\/homix-ks.com\/en\/wp-json\/wp\/v2\/product_brand?post=4371"},{"taxonomy":"product_cat","embeddable":true,"href":"https:\/\/homix-ks.com\/en\/wp-json\/wp\/v2\/product_cat?post=4371"},{"taxonomy":"product_tag","embeddable":true,"href":"https:\/\/homix-ks.com\/en\/wp-json\/wp\/v2\/product_tag?post=4371"}],"curies":[{"name":"wp","href":"https:\/\/api.w.org\/{rel}","templated":true}]}}