{"id":4370,"date":"2025-09-22T16:28:29","date_gmt":"2025-09-22T16:28:29","guid":{"rendered":"https:\/\/homix-ks.com\/?post_type=product&#038;p=4370"},"modified":"2026-04-16T14:14:17","modified_gmt":"2026-04-16T14:14:17","slug":"hoffmans-hm-2562-cajnik-elektrik-2l","status":"publish","type":"product","link":"https:\/\/homix-ks.com\/en\/product\/hoffmans-hm-2562-cajnik-elektrik-2l\/","title":{"rendered":"Vluese Uji &#8211; HOFFMANS HM-2562"},"content":{"rendered":"<h3 data-start=\"132\" data-end=\"164\"><strong data-start=\"136\" data-end=\"164\">Specifikat:<\/strong><\/h3>\n<p data-start=\"166\" data-end=\"245\"><strong data-start=\"166\" data-end=\"176\">Marka:<\/strong> Hoffmans<br data-start=\"184\" data-end=\"187\" \/><strong data-start=\"187\" data-end=\"198\">Modeli:<\/strong> HM-2562<br data-start=\"206\" data-end=\"209\" \/><strong data-start=\"209\" data-end=\"219\">Lloji:<\/strong> \u00c7ajnik elektrik<br \/>\n<strong>Tensioni:\u00a0<\/strong>220-240V, 50\/60Hz<\/p>\n<p data-start=\"247\" data-end=\"389\"><strong data-start=\"247\" data-end=\"262\">Kapaciteti:<\/strong> 2 litra<br data-start=\"272\" data-end=\"275\" \/><strong data-start=\"275\" data-end=\"285\">Fuqia:<\/strong> 1800W<br data-start=\"324\" data-end=\"327\" \/><strong data-start=\"327\" data-end=\"346\">Koha e zierjes:<\/strong> 5\u20136 minuta p\u00ebr t\u00eb arritur pik\u00ebn e vlimit<br \/>\n<strong>Klasa e energjise:<\/strong> A<\/p>\n<p data-start=\"391\" data-end=\"579\"><strong data-start=\"391\" data-end=\"405\">Materiali:<\/strong> Plastike<br data-start=\"494\" data-end=\"497\" \/><strong data-start=\"497\" data-end=\"506\">Baza:<\/strong> Rrotulluese 360\u00b0<br data-start=\"523\" data-end=\"526\" \/><strong data-start=\"526\" data-end=\"540\">Kontrolli:<\/strong> Buton me nj\u00eb prekje p\u00ebr ndezje\/fikje<\/p>","protected":false},"excerpt":{"rendered":"<p><strong data-start=\"28\" data-end=\"48\">Hoffmans HM-2562<\/strong> \u00ebsht\u00eb nj\u00eb \u00e7ajnik elektrik praktik me kapacitet <strong data-start=\"96\" data-end=\"107\">2 litra<\/strong> dhe fuqi <strong data-start=\"117\" data-end=\"126\" data-is-only-node=\"\">1800W<\/strong>, q\u00eb e sjell ujin n\u00eb pik\u00ebn e vlimit brenda vet\u00ebm 5\u20136 minutash. Ka dizajn me baz\u00eb rrotulluese 360\u00b0 p\u00ebr p\u00ebrdorim t\u00eb leht\u00eb, buton me nj\u00eb prekje p\u00ebr ndezje\/fikje dhe klas\u00eb energjie <strong data-start=\"303\" data-end=\"308\">A<\/strong> p\u00ebr kursim t\u00eb energjis\u00eb. I punuar prej materiali plastik rezistent, ky \u00e7ajnik \u00ebsht\u00eb ideal p\u00ebr p\u00ebrdorim t\u00eb p\u00ebrditsh\u00ebm n\u00eb sht\u00ebpi apo zyr\u00eb.<\/p>","protected":false},"featured_media":5307,"comment_status":"open","ping_status":"closed","template":"","meta":{"_eb_attr":"","content-type":""},"etheme_brands":[],"product_brand":[75],"product_cat":[92,73],"product_tag":[],"class_list":{"0":"post-4370","1":"product","2":"type-product","3":"status-publish","4":"has-post-thumbnail","6":"product_brand-hoffmans","7":"product_cat-hapja-e-madhe","8":"product_cat-pajisje-kuzhine","10":"first","11":"instock","12":"sale","13":"shipping-taxable","14":"purchasable","15":"product-type-simple"},"_links":{"self":[{"href":"https:\/\/homix-ks.com\/en\/wp-json\/wp\/v2\/product\/4370","targetHints":{"allow":["GET"]}}],"collection":[{"href":"https:\/\/homix-ks.com\/en\/wp-json\/wp\/v2\/product"}],"about":[{"href":"https:\/\/homix-ks.com\/en\/wp-json\/wp\/v2\/types\/product"}],"replies":[{"embeddable":true,"href":"https:\/\/homix-ks.com\/en\/wp-json\/wp\/v2\/comments?post=4370"}],"version-history":[{"count":4,"href":"https:\/\/homix-ks.com\/en\/wp-json\/wp\/v2\/product\/4370\/revisions"}],"predecessor-version":[{"id":4592,"href":"https:\/\/homix-ks.com\/en\/wp-json\/wp\/v2\/product\/4370\/revisions\/4592"}],"wp:featuredmedia":[{"embeddable":true,"href":"https:\/\/homix-ks.com\/en\/wp-json\/wp\/v2\/media\/5307"}],"wp:attachment":[{"href":"https:\/\/homix-ks.com\/en\/wp-json\/wp\/v2\/media?parent=4370"}],"wp:term":[{"taxonomy":"brand","embeddable":true,"href":"https:\/\/homix-ks.com\/en\/wp-json\/wp\/v2\/etheme_brands?post=4370"},{"taxonomy":"product_brand","embeddable":true,"href":"https:\/\/homix-ks.com\/en\/wp-json\/wp\/v2\/product_brand?post=4370"},{"taxonomy":"product_cat","embeddable":true,"href":"https:\/\/homix-ks.com\/en\/wp-json\/wp\/v2\/product_cat?post=4370"},{"taxonomy":"product_tag","embeddable":true,"href":"https:\/\/homix-ks.com\/en\/wp-json\/wp\/v2\/product_tag?post=4370"}],"curies":[{"name":"wp","href":"https:\/\/api.w.org\/{rel}","templated":true}]}}