{"id":4368,"date":"2025-09-22T16:28:28","date_gmt":"2025-09-22T16:28:28","guid":{"rendered":"https:\/\/homix-ks.com\/?post_type=product&#038;p=4368"},"modified":"2026-01-09T20:30:59","modified_gmt":"2026-01-09T20:30:59","slug":"hoffmans-hm-2075-shtrydhese-frutash","status":"publish","type":"product","link":"https:\/\/homix-ks.com\/en\/product\/hoffmans-hm-2075-shtrydhese-frutash\/","title":{"rendered":"Blender &#8211; HOFFMANS HM-2075"},"content":{"rendered":"<p>Specifikat:<\/p>\n<p><strong>Fuqia:<\/strong> 1200W<br \/>\n<strong>Tensioni:\u00a0<\/strong>220-240V, 50\/60Hz<br \/>\n6 teha prej \u00e7eliku inox<br \/>\n<strong>Kapaciteti:\u00a0<\/strong>1.5l<br \/>\nDy shpejt\u00ebsi<br \/>\nFunksionni p\u00ebr thyerjen e akullit dhe smoothie.<\/p>","protected":false},"excerpt":{"rendered":"<p>Blender Hoffmans Electronics me fuqi 1200W, me 6 thika inox dhe kapacitet 1.5 litra. Dizajn\u00a0 kompakt, me dy shpejt\u00ebsi dhe funksion pulse p\u00ebr p\u00ebrzierje t\u00eb shpejt\u00eb dhe efikase. Ideal p\u00ebr p\u00ebrgaditjen e l\u00ebngjeve dhe smoothie-ve.<\/p>\n<p>&nbsp;<\/p>","protected":false},"featured_media":5216,"comment_status":"open","ping_status":"closed","template":"","meta":{"_eb_attr":"","content-type":""},"etheme_brands":[],"product_brand":[75],"product_cat":[92,73],"product_tag":[],"class_list":{"0":"post-4368","1":"product","2":"type-product","3":"status-publish","4":"has-post-thumbnail","6":"product_brand-hoffmans","7":"product_cat-hapja-e-madhe","8":"product_cat-pajisje-kuzhine","10":"first","11":"outofstock","12":"sale","13":"shipping-taxable","14":"purchasable","15":"product-type-simple"},"_links":{"self":[{"href":"https:\/\/homix-ks.com\/en\/wp-json\/wp\/v2\/product\/4368","targetHints":{"allow":["GET"]}}],"collection":[{"href":"https:\/\/homix-ks.com\/en\/wp-json\/wp\/v2\/product"}],"about":[{"href":"https:\/\/homix-ks.com\/en\/wp-json\/wp\/v2\/types\/product"}],"replies":[{"embeddable":true,"href":"https:\/\/homix-ks.com\/en\/wp-json\/wp\/v2\/comments?post=4368"}],"version-history":[{"count":2,"href":"https:\/\/homix-ks.com\/en\/wp-json\/wp\/v2\/product\/4368\/revisions"}],"predecessor-version":[{"id":4635,"href":"https:\/\/homix-ks.com\/en\/wp-json\/wp\/v2\/product\/4368\/revisions\/4635"}],"wp:featuredmedia":[{"embeddable":true,"href":"https:\/\/homix-ks.com\/en\/wp-json\/wp\/v2\/media\/5216"}],"wp:attachment":[{"href":"https:\/\/homix-ks.com\/en\/wp-json\/wp\/v2\/media?parent=4368"}],"wp:term":[{"taxonomy":"brand","embeddable":true,"href":"https:\/\/homix-ks.com\/en\/wp-json\/wp\/v2\/etheme_brands?post=4368"},{"taxonomy":"product_brand","embeddable":true,"href":"https:\/\/homix-ks.com\/en\/wp-json\/wp\/v2\/product_brand?post=4368"},{"taxonomy":"product_cat","embeddable":true,"href":"https:\/\/homix-ks.com\/en\/wp-json\/wp\/v2\/product_cat?post=4368"},{"taxonomy":"product_tag","embeddable":true,"href":"https:\/\/homix-ks.com\/en\/wp-json\/wp\/v2\/product_tag?post=4368"}],"curies":[{"name":"wp","href":"https:\/\/api.w.org\/{rel}","templated":true}]}}