{"id":4366,"date":"2025-09-22T16:28:28","date_gmt":"2025-09-22T16:28:28","guid":{"rendered":"https:\/\/homix-ks.com\/?post_type=product&#038;p=4366"},"modified":"2025-11-12T10:26:59","modified_gmt":"2025-11-12T10:26:59","slug":"hoffmans-hn-9041-hekur-me-avull","status":"publish","type":"product","link":"https:\/\/homix-ks.com\/en\/product\/hoffmans-hn-9041-hekur-me-avull\/","title":{"rendered":"Hekur me Avull &#8211; HOFFMANS HM-9041"},"content":{"rendered":"<h3 data-start=\"91\" data-end=\"137\"><strong data-start=\"97\" data-end=\"137\">Specifikat:<\/strong><\/h3>\n<ul data-start=\"139\" data-end=\"694\">\n<li data-start=\"139\" data-end=\"178\">\n<p data-start=\"141\" data-end=\"178\"><strong data-start=\"141\" data-end=\"151\">Lloji:<\/strong> Hekur me avull p\u00ebr rroba<\/p>\n<\/li>\n<li data-start=\"139\" data-end=\"178\"><strong>Modeli:\u00a0<\/strong> HM-9041<\/li>\n<li data-start=\"139\" data-end=\"178\"><strong>Fuqia: <\/strong>3000W<\/li>\n<li data-start=\"139\" data-end=\"178\"><strong data-start=\"181\" data-end=\"191\">Pllaka:<\/strong> Qeramike<\/li>\n<li data-start=\"139\" data-end=\"178\"><strong>Goditja e avullit:\u00a0<\/strong>190g\/min<\/li>\n<li data-start=\"139\" data-end=\"178\"><strong>Shkalla e avullit t\u00eb vazhduesh\u00ebm: <\/strong>30g\/min<\/li>\n<li data-start=\"139\" data-end=\"178\"><strong>Vet\u00eb-pastruese<\/strong><\/li>\n<li data-start=\"139\" data-end=\"178\"><strong data-start=\"631\" data-end=\"642\">Dizajn:<\/strong> Kompakt, praktik dhe i leht\u00eb p\u00ebr p\u00ebrdorim n\u00eb sht\u00ebpi<\/li>\n<\/ul>","protected":false},"excerpt":{"rendered":"<p>Hekur i fuqish\u00ebm me pllaka qeramike, avull t\u00eb vazhduesh\u00ebm 30g\/min dhe goditje t\u00eb fuqishme 190g\/min. Vet\u00eb-pastrues p\u00ebr p\u00ebrdorim t\u00eb leht\u00eb dhe jet\u00ebgjat\u00eb.<\/p>","protected":false},"featured_media":5321,"comment_status":"open","ping_status":"closed","template":"","meta":{"_eb_attr":"","content-type":""},"etheme_brands":[],"product_brand":[75],"product_cat":[72],"product_tag":[],"class_list":{"0":"post-4366","1":"product","2":"type-product","3":"status-publish","4":"has-post-thumbnail","6":"product_brand-hoffmans","7":"product_cat-pajisje-per-shtepi","9":"first","10":"instock","11":"sale","12":"shipping-taxable","13":"purchasable","14":"product-type-simple"},"_links":{"self":[{"href":"https:\/\/homix-ks.com\/en\/wp-json\/wp\/v2\/product\/4366","targetHints":{"allow":["GET"]}}],"collection":[{"href":"https:\/\/homix-ks.com\/en\/wp-json\/wp\/v2\/product"}],"about":[{"href":"https:\/\/homix-ks.com\/en\/wp-json\/wp\/v2\/types\/product"}],"replies":[{"embeddable":true,"href":"https:\/\/homix-ks.com\/en\/wp-json\/wp\/v2\/comments?post=4366"}],"version-history":[{"count":4,"href":"https:\/\/homix-ks.com\/en\/wp-json\/wp\/v2\/product\/4366\/revisions"}],"predecessor-version":[{"id":4783,"href":"https:\/\/homix-ks.com\/en\/wp-json\/wp\/v2\/product\/4366\/revisions\/4783"}],"wp:featuredmedia":[{"embeddable":true,"href":"https:\/\/homix-ks.com\/en\/wp-json\/wp\/v2\/media\/5321"}],"wp:attachment":[{"href":"https:\/\/homix-ks.com\/en\/wp-json\/wp\/v2\/media?parent=4366"}],"wp:term":[{"taxonomy":"brand","embeddable":true,"href":"https:\/\/homix-ks.com\/en\/wp-json\/wp\/v2\/etheme_brands?post=4366"},{"taxonomy":"product_brand","embeddable":true,"href":"https:\/\/homix-ks.com\/en\/wp-json\/wp\/v2\/product_brand?post=4366"},{"taxonomy":"product_cat","embeddable":true,"href":"https:\/\/homix-ks.com\/en\/wp-json\/wp\/v2\/product_cat?post=4366"},{"taxonomy":"product_tag","embeddable":true,"href":"https:\/\/homix-ks.com\/en\/wp-json\/wp\/v2\/product_tag?post=4366"}],"curies":[{"name":"wp","href":"https:\/\/api.w.org\/{rel}","templated":true}]}}