{"id":4364,"date":"2025-09-22T16:28:28","date_gmt":"2025-09-22T16:28:28","guid":{"rendered":"https:\/\/homix-ks.com\/?post_type=product&#038;p=4364"},"modified":"2026-04-16T14:19:10","modified_gmt":"2026-04-16T14:19:10","slug":"hoffmans-hm-9005-hekur-me-avull","status":"publish","type":"product","link":"https:\/\/homix-ks.com\/en\/product\/hoffmans-hm-9005-hekur-me-avull\/","title":{"rendered":"Hekur me Avull &#8211; HOFFMANS HM-9005"},"content":{"rendered":"<p data-start=\"968\" data-end=\"991\">Specifikat:<\/p>\n<ul data-start=\"992\" data-end=\"1218\">\n<li data-start=\"992\" data-end=\"1030\">\n<p data-start=\"994\" data-end=\"1030\"><strong data-start=\"994\" data-end=\"1004\">Lloji:<\/strong> Hekur me avull<\/p>\n<\/li>\n<li data-start=\"992\" data-end=\"1030\"><strong>Modeli:<\/strong> HM-9005<\/li>\n<li data-start=\"1031\" data-end=\"1052\">\n<p data-start=\"1033\" data-end=\"1052\"><strong data-start=\"1033\" data-end=\"1043\">Fuqia:<\/strong> 2200\u202fW<\/p>\n<\/li>\n<li data-start=\"139\" data-end=\"178\"><strong>Goditja e avullit:\u00a0<\/strong>190g\/min<\/li>\n<li data-start=\"139\" data-end=\"178\"><strong>Shkalla e avullit t\u00eb vazhduesh\u00ebm: <\/strong>30g\/min<\/li>\n<li data-start=\"139\" data-end=\"178\"><strong data-start=\"596\" data-end=\"633\">Kapaciteti i rezervuarit t\u00eb ujit:<\/strong> 400\u202fml<\/li>\n<li data-start=\"1078\" data-end=\"1115\">\n<p data-start=\"1080\" data-end=\"1115\"><strong data-start=\"1080\" data-end=\"1104\">Materiali:<\/strong> Qeramik\u00eb<\/p>\n<\/li>\n<li data-start=\"1116\" data-end=\"1152\">\n<p data-start=\"1118\" data-end=\"1152\"><strong data-start=\"1118\" data-end=\"1141\">Materiali i trupit:<\/strong> Plastik\u00eb<\/p>\n<\/li>\n<\/ul>","protected":false},"excerpt":{"rendered":"<p>Ky hekur sht\u00ebpiak me fuqi <strong data-start=\"195\" data-end=\"205\">2200\u202fW<\/strong> \u00ebsht\u00eb ndihm\u00ebsi ideal p\u00ebr hekurosje t\u00eb shpejt\u00eb dhe t\u00eb leht\u00eb n\u00eb \u00e7do lloj materiali. Me <strong data-start=\"291\" data-end=\"322\">funksion avulli t\u00eb fuqish\u00ebm<\/strong>, hekuros edhe palosjet m\u00eb t\u00eb v\u00ebshtira, duke i kthyer rrobave pamjen e past\u00ebr dhe t\u00eb rregullt.<\/p>","protected":false},"featured_media":5318,"comment_status":"open","ping_status":"closed","template":"","meta":{"_eb_attr":"","content-type":""},"etheme_brands":[],"product_brand":[75],"product_cat":[72],"product_tag":[],"class_list":{"0":"post-4364","1":"product","2":"type-product","3":"status-publish","4":"has-post-thumbnail","6":"product_brand-hoffmans","7":"product_cat-pajisje-per-shtepi","9":"first","10":"instock","11":"sale","12":"shipping-taxable","13":"purchasable","14":"product-type-simple"},"_links":{"self":[{"href":"https:\/\/homix-ks.com\/en\/wp-json\/wp\/v2\/product\/4364","targetHints":{"allow":["GET"]}}],"collection":[{"href":"https:\/\/homix-ks.com\/en\/wp-json\/wp\/v2\/product"}],"about":[{"href":"https:\/\/homix-ks.com\/en\/wp-json\/wp\/v2\/types\/product"}],"replies":[{"embeddable":true,"href":"https:\/\/homix-ks.com\/en\/wp-json\/wp\/v2\/comments?post=4364"}],"version-history":[{"count":5,"href":"https:\/\/homix-ks.com\/en\/wp-json\/wp\/v2\/product\/4364\/revisions"}],"predecessor-version":[{"id":5351,"href":"https:\/\/homix-ks.com\/en\/wp-json\/wp\/v2\/product\/4364\/revisions\/5351"}],"wp:featuredmedia":[{"embeddable":true,"href":"https:\/\/homix-ks.com\/en\/wp-json\/wp\/v2\/media\/5318"}],"wp:attachment":[{"href":"https:\/\/homix-ks.com\/en\/wp-json\/wp\/v2\/media?parent=4364"}],"wp:term":[{"taxonomy":"brand","embeddable":true,"href":"https:\/\/homix-ks.com\/en\/wp-json\/wp\/v2\/etheme_brands?post=4364"},{"taxonomy":"product_brand","embeddable":true,"href":"https:\/\/homix-ks.com\/en\/wp-json\/wp\/v2\/product_brand?post=4364"},{"taxonomy":"product_cat","embeddable":true,"href":"https:\/\/homix-ks.com\/en\/wp-json\/wp\/v2\/product_cat?post=4364"},{"taxonomy":"product_tag","embeddable":true,"href":"https:\/\/homix-ks.com\/en\/wp-json\/wp\/v2\/product_tag?post=4364"}],"curies":[{"name":"wp","href":"https:\/\/api.w.org\/{rel}","templated":true}]}}